{"id":797,"date":"2020-04-15T11:47:24","date_gmt":"2020-04-15T11:47:24","guid":{"rendered":"https:\/\/www.wbakker.com\/privacy-verklaring\/"},"modified":"2020-09-22T11:06:26","modified_gmt":"2020-09-22T11:06:26","slug":"declaration-de-confidentialite","status":"publish","type":"page","link":"https:\/\/www.wbakker.com\/fr\/declaration-de-confidentialite\/","title":{"rendered":"D\u00e9claration de confidentialit\u00e9"},"content":{"rendered":"<p>Cher visiteur,<\/p>\n<p>Merci de visiter notre site Web et de fournir des informations via le contact, la newsletter, l&rsquo;inscription et \/ ou le formulaire de commande Nous souhaitons montrer que nous traitons vos donn\u00e9es avec soin.<\/p>\n<h2>Qui sommes nous?<\/h2>\n<p>Machinefabriek Bakker B.V., situ\u00e9e Dregweg 10 \u00e0 Yerseke, est responsable du traitement des donn\u00e9es personnelles.<\/p>\n<p>Nos coordonn\u00e9es:<br \/>\nMachinefabriek Bakker B.V.<br \/>\nDregweg 10<br \/>\n4401 LD Yerseke<\/p>\n<p>Num\u00e9ro de t\u00e9l\u00e9phone: +31 (0) 113 571521<br \/>\nMonsieur. R. Mallekote est le d\u00e9l\u00e9gu\u00e9 \u00e0 la protection des donn\u00e9es de Machinefabriek Bakker B.V.<br \/>\nIl peut \u00eatre contact\u00e9 via: info@wbakker.com<\/p>\n<h2>Pourquoi collectons-nous des donn\u00e9es personnelles?<\/h2>\n<p>Machinefabriek Bakker B.V. traite vos donn\u00e9es personnelles parce que vous utilisez nos services et \/ ou parce que vous les fournissez vous-m\u00eame. Vous trouverez ci-dessous un aper\u00e7u des donn\u00e9es personnelles que nous traitons:<\/p>\n<ul>\n<li>Pr\u00e9nom et nom<\/li>\n<li>Donn\u00e9es d&rsquo;adresse<\/li>\n<li>Code postal<\/li>\n<li>Nom de Ville<\/li>\n<li>Num\u00e9ro de portable<\/li>\n<li>Num\u00e9ro de t\u00e9l\u00e9phone<\/li>\n<li>Adresse e-mail<\/li>\n<li>Autres donn\u00e9es personnelles que vous fournissez activement, par exemple en cr\u00e9ant un profil sur ce site Web, par correspondance et par t\u00e9l\u00e9phone<\/li>\n<li>Informations sur vos activit\u00e9s sur notre site Web<\/li>\n<li>Navigateur Internet et type d&rsquo;appareil<\/li>\n<\/ul>\n<h2>Dans quel but et sur quelle base nous traitons les donn\u00e9es personnelles<\/h2>\n<p>Machinefabriek Bakker B.V. traite vos donn\u00e9es personnelles aux fins suivantes:<\/p>\n<ul>\n<li>Traitement de votre paiement et \/ ou ex\u00e9cution du contrat<\/li>\n<li>Pour vous livrer des biens et \/ ou des services<\/li>\n<li>Envoi de notre newsletter<\/li>\n<li>Pour pouvoir vous appeler ou vous envoyer un e-mail si cela est n\u00e9cessaire pour pouvoir effectuer nos services<\/li>\n<li>Machinefabriek Bakker B.V. traite \u00e9galement des donn\u00e9es personnelles si nous y sommes l\u00e9galement tenus.<\/li>\n<\/ul>\n<h2>Vos donn\u00e9es seront-elles utilis\u00e9es pour la prise de d\u00e9cision automatique (telle que le profilage)?<\/h2>\n<p>Non, nous ne le faisons pas.<\/p>\n<h2>Dur\u00e9e de conservation des donn\u00e9es personnelles<\/h2>\n<p>Vos donn\u00e9es personnelles seront conserv\u00e9es aussi longtemps que n\u00e9cessaire pour l&rsquo;ex\u00e9cution d&rsquo;un accord et \/ ou d&rsquo;une m\u00e9diation dans le respect des d\u00e9lais l\u00e9gaux. En l&rsquo;absence d&rsquo;accord et \/ ou de m\u00e9diation, vos donn\u00e9es seront conserv\u00e9es pendant 8 semaines puis d\u00e9truites.<\/p>\n<h2>Partage de donn\u00e9es personnelles avec des tiers<\/h2>\n<p>Machinefabriek Bakker B.V. fournit uniquement \u00e0 des tiers et uniquement si cela est n\u00e9cessaire pour l&rsquo;ex\u00e9cution de notre accord avec vous ou pour se conformer \u00e0 une obligation l\u00e9gale.<\/p>\n<h2>Vos donn\u00e9es personnelles sont-elles \u00e9galement trait\u00e9es en dehors de l&rsquo;ue?<\/h2>\n<p>Non, nous traitons vos donn\u00e9es personnelles uniquement dans l&rsquo;UE, et autant que possible aux Pays-Bas.<\/p>\n<h2>Cookies<\/h2>\n<p>Nous utilisons des cookies. Un cookie est un fichier que notre site Web (serveur) place sur votre ordinateur, tablette ou t\u00e9l\u00e9phone (appareil) avec lequel vous visitez ce site Web. En poursuivant la visite, en cliquant sur des liens ou des parties, ou en continuant \u00e0 surfer sur ce site Web de quelque mani\u00e8re que ce soit, vous consentez \u00e0 l&rsquo;installation de cookies aux fins \u00e9nonc\u00e9es dans cette politique de confidentialit\u00e9 par le biais d&rsquo;une action active. Si vous n&rsquo;acceptez pas que nous placions des cookies, cela peut affecter le fonctionnement du site Web. Vous pouvez alors effectuer les op\u00e9rations suivantes:<\/p>\n<ul>\n<li>Supprimer les cookies de votre navigateur<\/li>\n<li>Configurez votre navigateur pour ne pas accepter automatiquement les cookies<\/li>\n<\/ul>\n<p>En fonction des param\u00e8tres de votre navigateur, notre site Web peut ne pas fonctionner aussi bien. Afin de faire bon usage de nos sites Web, nous vous recommandons d&rsquo;activer les cookies.<\/p>\n<p>Quels cookies ce site utilise-t-il?<\/p>\n<ul>\n<li>Cookies fonctionnels<br \/>\nNous les utilisons pour rendre certaines parties de nos sites Web plus pratiques, afin que vous n&rsquo;ayez pas \u00e0 remplir ou \u00e0 cliquer sur les m\u00eames \u00e9l\u00e9ments, par exemple. Vous pouvez le reconna\u00eetre sous son nom: PHPSESSID<\/li>\n<\/ul>\n<ul>\n<li>Analyse des cookies<br \/>\nGoogle Analytics: vous pouvez reconna\u00eetre ce cookie sous les noms _ga, _gat, _utma, _utmb, _utmc, _utmv ou _utmz. Vous pouvez consulter la d\u00e9claration de confidentialit\u00e9 de Google ici (https:\/\/www.google.com\/policies\/privacy\/).<\/li>\n<\/ul>\n<p>Comment pouvez-vous nous demander l&rsquo;acc\u00e8s aux donn\u00e9es personnelles trait\u00e9es? Et qu&rsquo;en est-il de la rectification ou de l&rsquo;effacement de vos donn\u00e9es personnelles \/ du retrait de votre consentement ou si vous souhaitez exercer le droit \u00e0 la portabilit\u00e9 des donn\u00e9es ou si vous avez une r\u00e9clamation ou vous opposez au traitement de vos donn\u00e9es personnelles?<\/p>\n<p>Vous pouvez nous contacter via info@wbakker.com. Dans tous les cas, nous traiterons votre demande dans le d\u00e9lai requis de 30 jours. Soumettre une plainte \u00e0 l&rsquo;autorit\u00e9 n\u00e9erlandaise de protection des donn\u00e9es? Cela peut \u00eatre fait via le lien suivant: https:\/\/autoriteitpersoonsgegevens.nl\/nl\/contact-met-de-autoriteit-persoonsgegevens\/tip-ons. Pour vous assurer que la demande d&rsquo;acc\u00e8s a bien \u00e9t\u00e9 faite par vous, nous vous demandons d&rsquo;envoyer une copie de votre pi\u00e8ce d&rsquo;identit\u00e9 avec la demande. Faites en noir votre photo d&rsquo;identit\u00e9, la MRZ (zone lisible par machine, la bande avec les num\u00e9ros au bas du passeport), le num\u00e9ro de passeport et le num\u00e9ro de service aux citoyens (BSN). C&rsquo;est pour prot\u00e9ger votre vie priv\u00e9e.<\/p>\n<h2>Comment nous s\u00e9curisons les donn\u00e9es personnelles<\/h2>\n<p>Machinefabriek Bakker B.V. prend la protection de vos donn\u00e9es au s\u00e9rieux et fait des mesures appropri\u00e9es pour \u00e9viter toute utilisation abusive, perte, acc\u00e8s non autoris\u00e9, divulgation ind\u00e9sirable et modification non autoris\u00e9e. Si vous avez l&rsquo;impression que vos donn\u00e9es ne sont pas correctement s\u00e9curis\u00e9es ou s&rsquo;il y a des indices d&rsquo;abus, veuillez contacter notre service client ou via info@wbakker.com<\/p>\n<p>&nbsp;<\/p>\n","protected":false},"excerpt":{"rendered":"<p>Cher visiteur, Merci de visiter notre site Web et de fournir des informations via le contact, la newsletter, l&rsquo;inscription et \/ ou le formulaire de commande Nous souhaitons montrer que nous traitons vos donn\u00e9es avec soin. Qui sommes nous? Machinefabriek Bakker B.V., situ\u00e9e Dregweg 10 \u00e0 Yerseke, est responsable du traitement des donn\u00e9es personnelles. Nos [&hellip;]<\/p>\n","protected":false},"author":1,"featured_media":0,"parent":0,"menu_order":2,"comment_status":"closed","ping_status":"closed","template":"","meta":{"_acf_changed":false,"footnotes":""},"class_list":["post-797","page","type-page","status-publish","hentry"],"acf":[],"yoast_head":"<!-- This site is optimized with the Yoast SEO plugin v27.2 - https:\/\/yoast.com\/product\/yoast-seo-wordpress\/ -->\n<title>D\u00e9claration de confidentialit\u00e9 - Machinefabriek Bakker<\/title>\n<meta name=\"robots\" content=\"index, follow, max-snippet:-1, max-image-preview:large, max-video-preview:-1\" \/>\n<link rel=\"canonical\" href=\"https:\/\/www.wbakker.com\/fr\/declaration-de-confidentialite\/\" \/>\n<meta property=\"og:locale\" content=\"fr_FR\" \/>\n<meta property=\"og:type\" content=\"article\" \/>\n<meta property=\"og:title\" content=\"D\u00e9claration de confidentialit\u00e9 - Machinefabriek Bakker\" \/>\n<meta property=\"og:description\" content=\"Cher visiteur, Merci de visiter notre site Web et de fournir des informations via le contact, la newsletter, l&rsquo;inscription et \/ ou le formulaire de commande Nous souhaitons montrer que nous traitons vos donn\u00e9es avec soin. Qui sommes nous? Machinefabriek Bakker B.V., situ\u00e9e Dregweg 10 \u00e0 Yerseke, est responsable du traitement des donn\u00e9es personnelles. Nos [&hellip;]\" \/>\n<meta property=\"og:url\" content=\"https:\/\/www.wbakker.com\/fr\/declaration-de-confidentialite\/\" \/>\n<meta property=\"og:site_name\" content=\"Machinefabriek Bakker\" \/>\n<meta property=\"article:modified_time\" content=\"2020-09-22T11:06:26+00:00\" \/>\n<meta name=\"twitter:card\" content=\"summary_large_image\" \/>\n<meta name=\"twitter:label1\" content=\"Dur\u00e9e de lecture estim\u00e9e\" \/>\n\t<meta name=\"twitter:data1\" content=\"5 minutes\" \/>\n<script type=\"application\/ld+json\" class=\"yoast-schema-graph\">{\"@context\":\"https:\/\/schema.org\",\"@graph\":[{\"@type\":\"WebPage\",\"@id\":\"https:\/\/www.wbakker.com\/fr\/declaration-de-confidentialite\/\",\"url\":\"https:\/\/www.wbakker.com\/fr\/declaration-de-confidentialite\/\",\"name\":\"D\u00e9claration de confidentialit\u00e9 - Machinefabriek Bakker\",\"isPartOf\":{\"@id\":\"https:\/\/www.wbakker.com\/#website\"},\"datePublished\":\"2020-04-15T11:47:24+00:00\",\"dateModified\":\"2020-09-22T11:06:26+00:00\",\"breadcrumb\":{\"@id\":\"https:\/\/www.wbakker.com\/fr\/declaration-de-confidentialite\/#breadcrumb\"},\"inLanguage\":\"fr-FR\",\"potentialAction\":[{\"@type\":\"ReadAction\",\"target\":[\"https:\/\/www.wbakker.com\/fr\/declaration-de-confidentialite\/\"]}]},{\"@type\":\"BreadcrumbList\",\"@id\":\"https:\/\/www.wbakker.com\/fr\/declaration-de-confidentialite\/#breadcrumb\",\"itemListElement\":[{\"@type\":\"ListItem\",\"position\":1,\"name\":\"Home\",\"item\":\"https:\/\/www.wbakker.com\/fr\/\"},{\"@type\":\"ListItem\",\"position\":2,\"name\":\"D\u00e9claration de confidentialit\u00e9\"}]},{\"@type\":\"WebSite\",\"@id\":\"https:\/\/www.wbakker.com\/#website\",\"url\":\"https:\/\/www.wbakker.com\/\",\"name\":\"Machinefabriek Bakker\",\"description\":\"\",\"potentialAction\":[{\"@type\":\"SearchAction\",\"target\":{\"@type\":\"EntryPoint\",\"urlTemplate\":\"https:\/\/www.wbakker.com\/?s={search_term_string}\"},\"query-input\":{\"@type\":\"PropertyValueSpecification\",\"valueRequired\":true,\"valueName\":\"search_term_string\"}}],\"inLanguage\":\"fr-FR\"}]}<\/script>\n<!-- \/ Yoast SEO plugin. -->","yoast_head_json":{"title":"D\u00e9claration de confidentialit\u00e9 - Machinefabriek Bakker","robots":{"index":"index","follow":"follow","max-snippet":"max-snippet:-1","max-image-preview":"max-image-preview:large","max-video-preview":"max-video-preview:-1"},"canonical":"https:\/\/www.wbakker.com\/fr\/declaration-de-confidentialite\/","og_locale":"fr_FR","og_type":"article","og_title":"D\u00e9claration de confidentialit\u00e9 - Machinefabriek Bakker","og_description":"Cher visiteur, Merci de visiter notre site Web et de fournir des informations via le contact, la newsletter, l&rsquo;inscription et \/ ou le formulaire de commande Nous souhaitons montrer que nous traitons vos donn\u00e9es avec soin. Qui sommes nous? Machinefabriek Bakker B.V., situ\u00e9e Dregweg 10 \u00e0 Yerseke, est responsable du traitement des donn\u00e9es personnelles. Nos [&hellip;]","og_url":"https:\/\/www.wbakker.com\/fr\/declaration-de-confidentialite\/","og_site_name":"Machinefabriek Bakker","article_modified_time":"2020-09-22T11:06:26+00:00","twitter_card":"summary_large_image","twitter_misc":{"Dur\u00e9e de lecture estim\u00e9e":"5 minutes"},"schema":{"@context":"https:\/\/schema.org","@graph":[{"@type":"WebPage","@id":"https:\/\/www.wbakker.com\/fr\/declaration-de-confidentialite\/","url":"https:\/\/www.wbakker.com\/fr\/declaration-de-confidentialite\/","name":"D\u00e9claration de confidentialit\u00e9 - Machinefabriek Bakker","isPartOf":{"@id":"https:\/\/www.wbakker.com\/#website"},"datePublished":"2020-04-15T11:47:24+00:00","dateModified":"2020-09-22T11:06:26+00:00","breadcrumb":{"@id":"https:\/\/www.wbakker.com\/fr\/declaration-de-confidentialite\/#breadcrumb"},"inLanguage":"fr-FR","potentialAction":[{"@type":"ReadAction","target":["https:\/\/www.wbakker.com\/fr\/declaration-de-confidentialite\/"]}]},{"@type":"BreadcrumbList","@id":"https:\/\/www.wbakker.com\/fr\/declaration-de-confidentialite\/#breadcrumb","itemListElement":[{"@type":"ListItem","position":1,"name":"Home","item":"https:\/\/www.wbakker.com\/fr\/"},{"@type":"ListItem","position":2,"name":"D\u00e9claration de confidentialit\u00e9"}]},{"@type":"WebSite","@id":"https:\/\/www.wbakker.com\/#website","url":"https:\/\/www.wbakker.com\/","name":"Machinefabriek Bakker","description":"","potentialAction":[{"@type":"SearchAction","target":{"@type":"EntryPoint","urlTemplate":"https:\/\/www.wbakker.com\/?s={search_term_string}"},"query-input":{"@type":"PropertyValueSpecification","valueRequired":true,"valueName":"search_term_string"}}],"inLanguage":"fr-FR"}]}},"_links":{"self":[{"href":"https:\/\/www.wbakker.com\/fr\/wp-json\/wp\/v2\/pages\/797","targetHints":{"allow":["GET"]}}],"collection":[{"href":"https:\/\/www.wbakker.com\/fr\/wp-json\/wp\/v2\/pages"}],"about":[{"href":"https:\/\/www.wbakker.com\/fr\/wp-json\/wp\/v2\/types\/page"}],"author":[{"embeddable":true,"href":"https:\/\/www.wbakker.com\/fr\/wp-json\/wp\/v2\/users\/1"}],"replies":[{"embeddable":true,"href":"https:\/\/www.wbakker.com\/fr\/wp-json\/wp\/v2\/comments?post=797"}],"version-history":[{"count":2,"href":"https:\/\/www.wbakker.com\/fr\/wp-json\/wp\/v2\/pages\/797\/revisions"}],"predecessor-version":[{"id":799,"href":"https:\/\/www.wbakker.com\/fr\/wp-json\/wp\/v2\/pages\/797\/revisions\/799"}],"wp:attachment":[{"href":"https:\/\/www.wbakker.com\/fr\/wp-json\/wp\/v2\/media?parent=797"}],"curies":[{"name":"wp","href":"https:\/\/api.w.org\/{rel}","templated":true}]}}