{"id":703,"date":"2020-07-01T11:24:40","date_gmt":"2020-07-01T11:24:40","guid":{"rendered":"https:\/\/www.wbakker.com\/produits-et-services\/scheepsonderhoud-revisies-en-verbouwing\/"},"modified":"2020-10-06T13:44:52","modified_gmt":"2020-10-06T13:44:52","slug":"entretien-revision-et-transformation","status":"publish","type":"page","link":"https:\/\/www.wbakker.com\/fr\/produits-et-services\/entretien-revision-et-transformation\/","title":{"rendered":"Entretien, revision et transformation"},"content":{"rendered":"<p>Machinefabriek Bakker dispose de la connaissance n\u00e9cessaire, l\u2019exp\u00e9rience et les facilit\u00e9s pour r\u00e9aliser toute sorte d\u2019entretien et de transformation sur vos bateaux. Pensez au travail de soudure, r\u00e9vision des pompes, guindeaux, rouleaux de guide-fil, etc.<\/p>\n<p>Nous r\u00e9visons et entretenons \u00e9galement les machines et installations \u00e0 bord et \u00e0 terre. Chez nous, vous trouvez les conseils pour l\u2019entretien, le mat\u00e9riel, le petit et grand entretien, les adaptations et am\u00e9liorations \u00e0 l\u2019ensemble des machines et installations, le tout qui fait partie de notre discipline.<\/p>\n<p>Quelques exemples de nos activit\u00e9s<\/p>\n","protected":false},"excerpt":{"rendered":"<p>Machinefabriek Bakker dispose de la connaissance n\u00e9cessaire, l\u2019exp\u00e9rience et les facilit\u00e9s pour r\u00e9aliser toute sorte d\u2019entretien et de transformation sur vos bateaux. Pensez au travail de soudure, r\u00e9vision des pompes, guindeaux, rouleaux de guide-fil, etc. Nous r\u00e9visons et entretenons \u00e9galement les machines et installations \u00e0 bord et \u00e0 terre. Chez nous, vous trouvez les conseils [&hellip;]<\/p>\n","protected":false},"author":1,"featured_media":0,"parent":597,"menu_order":2,"comment_status":"closed","ping_status":"closed","template":"","meta":{"_acf_changed":false,"footnotes":""},"class_list":["post-703","page","type-page","status-publish","hentry"],"acf":[],"yoast_head":"<!-- This site is optimized with the Yoast SEO plugin v27.2 - https:\/\/yoast.com\/product\/yoast-seo-wordpress\/ -->\n<title>Entretien, revision et transformation - Machinefabriek Bakker<\/title>\n<meta name=\"robots\" content=\"index, follow, max-snippet:-1, max-image-preview:large, max-video-preview:-1\" \/>\n<link rel=\"canonical\" href=\"https:\/\/www.wbakker.com\/fr\/produits-et-services\/entretien-revision-et-transformation\/\" \/>\n<meta property=\"og:locale\" content=\"fr_FR\" \/>\n<meta property=\"og:type\" content=\"article\" \/>\n<meta property=\"og:title\" content=\"Entretien, revision et transformation - Machinefabriek Bakker\" \/>\n<meta property=\"og:description\" content=\"Machinefabriek Bakker dispose de la connaissance n\u00e9cessaire, l\u2019exp\u00e9rience et les facilit\u00e9s pour r\u00e9aliser toute sorte d\u2019entretien et de transformation sur vos bateaux. Pensez au travail de soudure, r\u00e9vision des pompes, guindeaux, rouleaux de guide-fil, etc. Nous r\u00e9visons et entretenons \u00e9galement les machines et installations \u00e0 bord et \u00e0 terre. Chez nous, vous trouvez les conseils [&hellip;]\" \/>\n<meta property=\"og:url\" content=\"https:\/\/www.wbakker.com\/fr\/produits-et-services\/entretien-revision-et-transformation\/\" \/>\n<meta property=\"og:site_name\" content=\"Machinefabriek Bakker\" \/>\n<meta property=\"article:modified_time\" content=\"2020-10-06T13:44:52+00:00\" \/>\n<meta name=\"twitter:card\" content=\"summary_large_image\" \/>\n<script type=\"application\/ld+json\" class=\"yoast-schema-graph\">{\"@context\":\"https:\/\/schema.org\",\"@graph\":[{\"@type\":\"WebPage\",\"@id\":\"https:\/\/www.wbakker.com\/fr\/produits-et-services\/entretien-revision-et-transformation\/\",\"url\":\"https:\/\/www.wbakker.com\/fr\/produits-et-services\/entretien-revision-et-transformation\/\",\"name\":\"Entretien, revision et transformation - Machinefabriek Bakker\",\"isPartOf\":{\"@id\":\"https:\/\/www.wbakker.com\/#website\"},\"datePublished\":\"2020-07-01T11:24:40+00:00\",\"dateModified\":\"2020-10-06T13:44:52+00:00\",\"breadcrumb\":{\"@id\":\"https:\/\/www.wbakker.com\/fr\/produits-et-services\/entretien-revision-et-transformation\/#breadcrumb\"},\"inLanguage\":\"fr-FR\",\"potentialAction\":[{\"@type\":\"ReadAction\",\"target\":[\"https:\/\/www.wbakker.com\/fr\/produits-et-services\/entretien-revision-et-transformation\/\"]}]},{\"@type\":\"BreadcrumbList\",\"@id\":\"https:\/\/www.wbakker.com\/fr\/produits-et-services\/entretien-revision-et-transformation\/#breadcrumb\",\"itemListElement\":[{\"@type\":\"ListItem\",\"position\":1,\"name\":\"Home\",\"item\":\"https:\/\/www.wbakker.com\/fr\/\"},{\"@type\":\"ListItem\",\"position\":2,\"name\":\"Produits et services\",\"item\":\"https:\/\/www.wbakker.com\/fr\/produits-et-services\/\"},{\"@type\":\"ListItem\",\"position\":3,\"name\":\"Entretien, revision et transformation\"}]},{\"@type\":\"WebSite\",\"@id\":\"https:\/\/www.wbakker.com\/#website\",\"url\":\"https:\/\/www.wbakker.com\/\",\"name\":\"Machinefabriek Bakker\",\"description\":\"\",\"potentialAction\":[{\"@type\":\"SearchAction\",\"target\":{\"@type\":\"EntryPoint\",\"urlTemplate\":\"https:\/\/www.wbakker.com\/?s={search_term_string}\"},\"query-input\":{\"@type\":\"PropertyValueSpecification\",\"valueRequired\":true,\"valueName\":\"search_term_string\"}}],\"inLanguage\":\"fr-FR\"}]}<\/script>\n<!-- \/ Yoast SEO plugin. -->","yoast_head_json":{"title":"Entretien, revision et transformation - Machinefabriek Bakker","robots":{"index":"index","follow":"follow","max-snippet":"max-snippet:-1","max-image-preview":"max-image-preview:large","max-video-preview":"max-video-preview:-1"},"canonical":"https:\/\/www.wbakker.com\/fr\/produits-et-services\/entretien-revision-et-transformation\/","og_locale":"fr_FR","og_type":"article","og_title":"Entretien, revision et transformation - Machinefabriek Bakker","og_description":"Machinefabriek Bakker dispose de la connaissance n\u00e9cessaire, l\u2019exp\u00e9rience et les facilit\u00e9s pour r\u00e9aliser toute sorte d\u2019entretien et de transformation sur vos bateaux. Pensez au travail de soudure, r\u00e9vision des pompes, guindeaux, rouleaux de guide-fil, etc. Nous r\u00e9visons et entretenons \u00e9galement les machines et installations \u00e0 bord et \u00e0 terre. Chez nous, vous trouvez les conseils [&hellip;]","og_url":"https:\/\/www.wbakker.com\/fr\/produits-et-services\/entretien-revision-et-transformation\/","og_site_name":"Machinefabriek Bakker","article_modified_time":"2020-10-06T13:44:52+00:00","twitter_card":"summary_large_image","schema":{"@context":"https:\/\/schema.org","@graph":[{"@type":"WebPage","@id":"https:\/\/www.wbakker.com\/fr\/produits-et-services\/entretien-revision-et-transformation\/","url":"https:\/\/www.wbakker.com\/fr\/produits-et-services\/entretien-revision-et-transformation\/","name":"Entretien, revision et transformation - Machinefabriek Bakker","isPartOf":{"@id":"https:\/\/www.wbakker.com\/#website"},"datePublished":"2020-07-01T11:24:40+00:00","dateModified":"2020-10-06T13:44:52+00:00","breadcrumb":{"@id":"https:\/\/www.wbakker.com\/fr\/produits-et-services\/entretien-revision-et-transformation\/#breadcrumb"},"inLanguage":"fr-FR","potentialAction":[{"@type":"ReadAction","target":["https:\/\/www.wbakker.com\/fr\/produits-et-services\/entretien-revision-et-transformation\/"]}]},{"@type":"BreadcrumbList","@id":"https:\/\/www.wbakker.com\/fr\/produits-et-services\/entretien-revision-et-transformation\/#breadcrumb","itemListElement":[{"@type":"ListItem","position":1,"name":"Home","item":"https:\/\/www.wbakker.com\/fr\/"},{"@type":"ListItem","position":2,"name":"Produits et services","item":"https:\/\/www.wbakker.com\/fr\/produits-et-services\/"},{"@type":"ListItem","position":3,"name":"Entretien, revision et transformation"}]},{"@type":"WebSite","@id":"https:\/\/www.wbakker.com\/#website","url":"https:\/\/www.wbakker.com\/","name":"Machinefabriek Bakker","description":"","potentialAction":[{"@type":"SearchAction","target":{"@type":"EntryPoint","urlTemplate":"https:\/\/www.wbakker.com\/?s={search_term_string}"},"query-input":{"@type":"PropertyValueSpecification","valueRequired":true,"valueName":"search_term_string"}}],"inLanguage":"fr-FR"}]}},"_links":{"self":[{"href":"https:\/\/www.wbakker.com\/fr\/wp-json\/wp\/v2\/pages\/703","targetHints":{"allow":["GET"]}}],"collection":[{"href":"https:\/\/www.wbakker.com\/fr\/wp-json\/wp\/v2\/pages"}],"about":[{"href":"https:\/\/www.wbakker.com\/fr\/wp-json\/wp\/v2\/types\/page"}],"author":[{"embeddable":true,"href":"https:\/\/www.wbakker.com\/fr\/wp-json\/wp\/v2\/users\/1"}],"replies":[{"embeddable":true,"href":"https:\/\/www.wbakker.com\/fr\/wp-json\/wp\/v2\/comments?post=703"}],"version-history":[{"count":2,"href":"https:\/\/www.wbakker.com\/fr\/wp-json\/wp\/v2\/pages\/703\/revisions"}],"predecessor-version":[{"id":827,"href":"https:\/\/www.wbakker.com\/fr\/wp-json\/wp\/v2\/pages\/703\/revisions\/827"}],"up":[{"embeddable":true,"href":"https:\/\/www.wbakker.com\/fr\/wp-json\/wp\/v2\/pages\/597"}],"wp:attachment":[{"href":"https:\/\/www.wbakker.com\/fr\/wp-json\/wp\/v2\/media?parent=703"}],"curies":[{"name":"wp","href":"https:\/\/api.w.org\/{rel}","templated":true}]}}