{"id":696,"date":"2020-06-30T14:22:03","date_gmt":"2020-06-30T14:22:03","guid":{"rendered":"https:\/\/www.wbakker.com\/produits-et-services\/les-huitres\/bodemcultuur\/"},"modified":"2020-09-08T14:16:19","modified_gmt":"2020-09-08T14:16:19","slug":"culture-de-fond","status":"publish","type":"page","link":"https:\/\/www.wbakker.com\/fr\/produits-et-services\/les-huitres\/culture-de-fond\/","title":{"rendered":"Culture de fond"},"content":{"rendered":"<p>Depuis plus de 150 ans, les hu\u00eetres sont cultiv\u00e9es au sol. Cette culture comporte le captage du naissain, la croissance et la r\u00e9colte sur le fond de la mer. Ces op\u00e9rations se font avec des navires ostr\u00e9icoles qui sont \u00e9quip\u00e9s avec les machines et les installations n\u00e9cessaires livr\u00e9es par Machinefabriek Bakker<\/p>\n<p>Voici quelques machines et installations<\/p>\n","protected":false},"excerpt":{"rendered":"<p>Depuis plus de 150 ans, les hu\u00eetres sont cultiv\u00e9es au sol. Cette culture comporte le captage du naissain, la croissance et la r\u00e9colte sur le fond de la mer. Ces op\u00e9rations se font avec des navires ostr\u00e9icoles qui sont \u00e9quip\u00e9s avec les machines et les installations n\u00e9cessaires livr\u00e9es par Machinefabriek Bakker Voici quelques machines et [&hellip;]<\/p>\n","protected":false},"author":1,"featured_media":0,"parent":674,"menu_order":0,"comment_status":"closed","ping_status":"closed","template":"","meta":{"_acf_changed":false,"footnotes":""},"class_list":["post-696","page","type-page","status-publish","hentry"],"acf":[],"yoast_head":"<!-- This site is optimized with the Yoast SEO plugin v27.2 - https:\/\/yoast.com\/product\/yoast-seo-wordpress\/ -->\n<title>Culture de fond - Machinefabriek Bakker<\/title>\n<meta name=\"robots\" content=\"index, follow, max-snippet:-1, max-image-preview:large, max-video-preview:-1\" \/>\n<link rel=\"canonical\" href=\"https:\/\/www.wbakker.com\/fr\/produits-et-services\/les-huitres\/culture-de-fond\/\" \/>\n<meta property=\"og:locale\" content=\"fr_FR\" \/>\n<meta property=\"og:type\" content=\"article\" \/>\n<meta property=\"og:title\" content=\"Culture de fond - Machinefabriek Bakker\" \/>\n<meta property=\"og:description\" content=\"Depuis plus de 150 ans, les hu\u00eetres sont cultiv\u00e9es au sol. Cette culture comporte le captage du naissain, la croissance et la r\u00e9colte sur le fond de la mer. Ces op\u00e9rations se font avec des navires ostr\u00e9icoles qui sont \u00e9quip\u00e9s avec les machines et les installations n\u00e9cessaires livr\u00e9es par Machinefabriek Bakker Voici quelques machines et [&hellip;]\" \/>\n<meta property=\"og:url\" content=\"https:\/\/www.wbakker.com\/fr\/produits-et-services\/les-huitres\/culture-de-fond\/\" \/>\n<meta property=\"og:site_name\" content=\"Machinefabriek Bakker\" \/>\n<meta property=\"article:modified_time\" content=\"2020-09-08T14:16:19+00:00\" \/>\n<meta name=\"twitter:card\" content=\"summary_large_image\" \/>\n<script type=\"application\/ld+json\" class=\"yoast-schema-graph\">{\"@context\":\"https:\/\/schema.org\",\"@graph\":[{\"@type\":\"WebPage\",\"@id\":\"https:\/\/www.wbakker.com\/fr\/produits-et-services\/les-huitres\/culture-de-fond\/\",\"url\":\"https:\/\/www.wbakker.com\/fr\/produits-et-services\/les-huitres\/culture-de-fond\/\",\"name\":\"Culture de fond - Machinefabriek Bakker\",\"isPartOf\":{\"@id\":\"https:\/\/www.wbakker.com\/#website\"},\"datePublished\":\"2020-06-30T14:22:03+00:00\",\"dateModified\":\"2020-09-08T14:16:19+00:00\",\"breadcrumb\":{\"@id\":\"https:\/\/www.wbakker.com\/fr\/produits-et-services\/les-huitres\/culture-de-fond\/#breadcrumb\"},\"inLanguage\":\"fr-FR\",\"potentialAction\":[{\"@type\":\"ReadAction\",\"target\":[\"https:\/\/www.wbakker.com\/fr\/produits-et-services\/les-huitres\/culture-de-fond\/\"]}]},{\"@type\":\"BreadcrumbList\",\"@id\":\"https:\/\/www.wbakker.com\/fr\/produits-et-services\/les-huitres\/culture-de-fond\/#breadcrumb\",\"itemListElement\":[{\"@type\":\"ListItem\",\"position\":1,\"name\":\"Home\",\"item\":\"https:\/\/www.wbakker.com\/fr\/\"},{\"@type\":\"ListItem\",\"position\":2,\"name\":\"Produits et services\",\"item\":\"https:\/\/www.wbakker.com\/fr\/produits-et-services\/\"},{\"@type\":\"ListItem\",\"position\":3,\"name\":\"Les hu\u00eetres\",\"item\":\"https:\/\/www.wbakker.com\/fr\/produits-et-services\/les-huitres\/\"},{\"@type\":\"ListItem\",\"position\":4,\"name\":\"Culture de fond\"}]},{\"@type\":\"WebSite\",\"@id\":\"https:\/\/www.wbakker.com\/#website\",\"url\":\"https:\/\/www.wbakker.com\/\",\"name\":\"Machinefabriek Bakker\",\"description\":\"\",\"potentialAction\":[{\"@type\":\"SearchAction\",\"target\":{\"@type\":\"EntryPoint\",\"urlTemplate\":\"https:\/\/www.wbakker.com\/?s={search_term_string}\"},\"query-input\":{\"@type\":\"PropertyValueSpecification\",\"valueRequired\":true,\"valueName\":\"search_term_string\"}}],\"inLanguage\":\"fr-FR\"}]}<\/script>\n<!-- \/ Yoast SEO plugin. -->","yoast_head_json":{"title":"Culture de fond - Machinefabriek Bakker","robots":{"index":"index","follow":"follow","max-snippet":"max-snippet:-1","max-image-preview":"max-image-preview:large","max-video-preview":"max-video-preview:-1"},"canonical":"https:\/\/www.wbakker.com\/fr\/produits-et-services\/les-huitres\/culture-de-fond\/","og_locale":"fr_FR","og_type":"article","og_title":"Culture de fond - Machinefabriek Bakker","og_description":"Depuis plus de 150 ans, les hu\u00eetres sont cultiv\u00e9es au sol. Cette culture comporte le captage du naissain, la croissance et la r\u00e9colte sur le fond de la mer. Ces op\u00e9rations se font avec des navires ostr\u00e9icoles qui sont \u00e9quip\u00e9s avec les machines et les installations n\u00e9cessaires livr\u00e9es par Machinefabriek Bakker Voici quelques machines et [&hellip;]","og_url":"https:\/\/www.wbakker.com\/fr\/produits-et-services\/les-huitres\/culture-de-fond\/","og_site_name":"Machinefabriek Bakker","article_modified_time":"2020-09-08T14:16:19+00:00","twitter_card":"summary_large_image","schema":{"@context":"https:\/\/schema.org","@graph":[{"@type":"WebPage","@id":"https:\/\/www.wbakker.com\/fr\/produits-et-services\/les-huitres\/culture-de-fond\/","url":"https:\/\/www.wbakker.com\/fr\/produits-et-services\/les-huitres\/culture-de-fond\/","name":"Culture de fond - Machinefabriek Bakker","isPartOf":{"@id":"https:\/\/www.wbakker.com\/#website"},"datePublished":"2020-06-30T14:22:03+00:00","dateModified":"2020-09-08T14:16:19+00:00","breadcrumb":{"@id":"https:\/\/www.wbakker.com\/fr\/produits-et-services\/les-huitres\/culture-de-fond\/#breadcrumb"},"inLanguage":"fr-FR","potentialAction":[{"@type":"ReadAction","target":["https:\/\/www.wbakker.com\/fr\/produits-et-services\/les-huitres\/culture-de-fond\/"]}]},{"@type":"BreadcrumbList","@id":"https:\/\/www.wbakker.com\/fr\/produits-et-services\/les-huitres\/culture-de-fond\/#breadcrumb","itemListElement":[{"@type":"ListItem","position":1,"name":"Home","item":"https:\/\/www.wbakker.com\/fr\/"},{"@type":"ListItem","position":2,"name":"Produits et services","item":"https:\/\/www.wbakker.com\/fr\/produits-et-services\/"},{"@type":"ListItem","position":3,"name":"Les hu\u00eetres","item":"https:\/\/www.wbakker.com\/fr\/produits-et-services\/les-huitres\/"},{"@type":"ListItem","position":4,"name":"Culture de fond"}]},{"@type":"WebSite","@id":"https:\/\/www.wbakker.com\/#website","url":"https:\/\/www.wbakker.com\/","name":"Machinefabriek Bakker","description":"","potentialAction":[{"@type":"SearchAction","target":{"@type":"EntryPoint","urlTemplate":"https:\/\/www.wbakker.com\/?s={search_term_string}"},"query-input":{"@type":"PropertyValueSpecification","valueRequired":true,"valueName":"search_term_string"}}],"inLanguage":"fr-FR"}]}},"_links":{"self":[{"href":"https:\/\/www.wbakker.com\/fr\/wp-json\/wp\/v2\/pages\/696","targetHints":{"allow":["GET"]}}],"collection":[{"href":"https:\/\/www.wbakker.com\/fr\/wp-json\/wp\/v2\/pages"}],"about":[{"href":"https:\/\/www.wbakker.com\/fr\/wp-json\/wp\/v2\/types\/page"}],"author":[{"embeddable":true,"href":"https:\/\/www.wbakker.com\/fr\/wp-json\/wp\/v2\/users\/1"}],"replies":[{"embeddable":true,"href":"https:\/\/www.wbakker.com\/fr\/wp-json\/wp\/v2\/comments?post=696"}],"version-history":[{"count":2,"href":"https:\/\/www.wbakker.com\/fr\/wp-json\/wp\/v2\/pages\/696\/revisions"}],"predecessor-version":[{"id":699,"href":"https:\/\/www.wbakker.com\/fr\/wp-json\/wp\/v2\/pages\/696\/revisions\/699"}],"up":[{"embeddable":true,"href":"https:\/\/www.wbakker.com\/fr\/wp-json\/wp\/v2\/pages\/674"}],"wp:attachment":[{"href":"https:\/\/www.wbakker.com\/fr\/wp-json\/wp\/v2\/media?parent=696"}],"curies":[{"name":"wp","href":"https:\/\/api.w.org\/{rel}","templated":true}]}}