{"id":680,"date":"2020-06-30T14:22:53","date_gmt":"2020-06-30T14:22:53","guid":{"rendered":"https:\/\/www.wbakker.com\/produits-et-services\/les-huitres\/culture-off-bottom\/off-bottom-kweek-materialen\/"},"modified":"2020-09-08T14:10:05","modified_gmt":"2020-09-08T14:10:05","slug":"les-materiaux-pour-la-culture-off-bottom","status":"publish","type":"page","link":"https:\/\/www.wbakker.com\/fr\/produits-et-services\/les-huitres\/culture-off-bottom\/les-materiaux-pour-la-culture-off-bottom\/","title":{"rendered":"Les mat\u00e9riaux pour la culture  \u00ab Off bottom \u00bb"},"content":{"rendered":"<p>L\u2019ensemble des mat\u00e9riaux mentionn\u00e9 ci-apr\u00e8s est livr\u00e9 par Machinefabriek Bakkker. Si vous avez des questions ou si vous \u00eates \u00e0 la recherche d\u2019un produit qui ne se trouve pas sur cette page, n\u2019h\u00e9sitez pas de vous mettre en contact avec nous.<\/p>\n","protected":false},"excerpt":{"rendered":"<p>L\u2019ensemble des mat\u00e9riaux mentionn\u00e9 ci-apr\u00e8s est livr\u00e9 par Machinefabriek Bakkker. Si vous avez des questions ou si vous \u00eates \u00e0 la recherche d\u2019un produit qui ne se trouve pas sur cette page, n\u2019h\u00e9sitez pas de vous mettre en contact avec nous.<\/p>\n","protected":false},"author":1,"featured_media":0,"parent":677,"menu_order":0,"comment_status":"closed","ping_status":"closed","template":"","meta":{"_acf_changed":false,"footnotes":""},"class_list":["post-680","page","type-page","status-publish","hentry"],"acf":[],"yoast_head":"<!-- This site is optimized with the Yoast SEO plugin v27.2 - https:\/\/yoast.com\/product\/yoast-seo-wordpress\/ -->\n<title>Les mat\u00e9riaux pour la culture \u00ab Off bottom \u00bb - Machinefabriek Bakker<\/title>\n<meta name=\"robots\" content=\"index, follow, max-snippet:-1, max-image-preview:large, max-video-preview:-1\" \/>\n<link rel=\"canonical\" href=\"https:\/\/www.wbakker.com\/fr\/produits-et-services\/les-huitres\/culture-off-bottom\/les-materiaux-pour-la-culture-off-bottom\/\" \/>\n<meta property=\"og:locale\" content=\"fr_FR\" \/>\n<meta property=\"og:type\" content=\"article\" \/>\n<meta property=\"og:title\" content=\"Les mat\u00e9riaux pour la culture \u00ab Off bottom \u00bb - Machinefabriek Bakker\" \/>\n<meta property=\"og:description\" content=\"L\u2019ensemble des mat\u00e9riaux mentionn\u00e9 ci-apr\u00e8s est livr\u00e9 par Machinefabriek Bakkker. Si vous avez des questions ou si vous \u00eates \u00e0 la recherche d\u2019un produit qui ne se trouve pas sur cette page, n\u2019h\u00e9sitez pas de vous mettre en contact avec nous.\" \/>\n<meta property=\"og:url\" content=\"https:\/\/www.wbakker.com\/fr\/produits-et-services\/les-huitres\/culture-off-bottom\/les-materiaux-pour-la-culture-off-bottom\/\" \/>\n<meta property=\"og:site_name\" content=\"Machinefabriek Bakker\" \/>\n<meta property=\"article:modified_time\" content=\"2020-09-08T14:10:05+00:00\" \/>\n<meta name=\"twitter:card\" content=\"summary_large_image\" \/>\n<script type=\"application\/ld+json\" class=\"yoast-schema-graph\">{\"@context\":\"https:\/\/schema.org\",\"@graph\":[{\"@type\":\"WebPage\",\"@id\":\"https:\/\/www.wbakker.com\/fr\/produits-et-services\/les-huitres\/culture-off-bottom\/les-materiaux-pour-la-culture-off-bottom\/\",\"url\":\"https:\/\/www.wbakker.com\/fr\/produits-et-services\/les-huitres\/culture-off-bottom\/les-materiaux-pour-la-culture-off-bottom\/\",\"name\":\"Les mat\u00e9riaux pour la culture \u00ab Off bottom \u00bb - Machinefabriek Bakker\",\"isPartOf\":{\"@id\":\"https:\/\/www.wbakker.com\/#website\"},\"datePublished\":\"2020-06-30T14:22:53+00:00\",\"dateModified\":\"2020-09-08T14:10:05+00:00\",\"breadcrumb\":{\"@id\":\"https:\/\/www.wbakker.com\/fr\/produits-et-services\/les-huitres\/culture-off-bottom\/les-materiaux-pour-la-culture-off-bottom\/#breadcrumb\"},\"inLanguage\":\"fr-FR\",\"potentialAction\":[{\"@type\":\"ReadAction\",\"target\":[\"https:\/\/www.wbakker.com\/fr\/produits-et-services\/les-huitres\/culture-off-bottom\/les-materiaux-pour-la-culture-off-bottom\/\"]}]},{\"@type\":\"BreadcrumbList\",\"@id\":\"https:\/\/www.wbakker.com\/fr\/produits-et-services\/les-huitres\/culture-off-bottom\/les-materiaux-pour-la-culture-off-bottom\/#breadcrumb\",\"itemListElement\":[{\"@type\":\"ListItem\",\"position\":1,\"name\":\"Home\",\"item\":\"https:\/\/www.wbakker.com\/fr\/\"},{\"@type\":\"ListItem\",\"position\":2,\"name\":\"Produits et services\",\"item\":\"https:\/\/www.wbakker.com\/fr\/produits-et-services\/\"},{\"@type\":\"ListItem\",\"position\":3,\"name\":\"Les hu\u00eetres\",\"item\":\"https:\/\/www.wbakker.com\/fr\/produits-et-services\/les-huitres\/\"},{\"@type\":\"ListItem\",\"position\":4,\"name\":\"Culture \u201cOff bottom\u201c\",\"item\":\"https:\/\/www.wbakker.com\/fr\/produits-et-services\/les-huitres\/culture-off-bottom\/\"},{\"@type\":\"ListItem\",\"position\":5,\"name\":\"Les mat\u00e9riaux pour la culture \u00ab Off bottom \u00bb\"}]},{\"@type\":\"WebSite\",\"@id\":\"https:\/\/www.wbakker.com\/#website\",\"url\":\"https:\/\/www.wbakker.com\/\",\"name\":\"Machinefabriek Bakker\",\"description\":\"\",\"potentialAction\":[{\"@type\":\"SearchAction\",\"target\":{\"@type\":\"EntryPoint\",\"urlTemplate\":\"https:\/\/www.wbakker.com\/?s={search_term_string}\"},\"query-input\":{\"@type\":\"PropertyValueSpecification\",\"valueRequired\":true,\"valueName\":\"search_term_string\"}}],\"inLanguage\":\"fr-FR\"}]}<\/script>\n<!-- \/ Yoast SEO plugin. -->","yoast_head_json":{"title":"Les mat\u00e9riaux pour la culture \u00ab Off bottom \u00bb - Machinefabriek Bakker","robots":{"index":"index","follow":"follow","max-snippet":"max-snippet:-1","max-image-preview":"max-image-preview:large","max-video-preview":"max-video-preview:-1"},"canonical":"https:\/\/www.wbakker.com\/fr\/produits-et-services\/les-huitres\/culture-off-bottom\/les-materiaux-pour-la-culture-off-bottom\/","og_locale":"fr_FR","og_type":"article","og_title":"Les mat\u00e9riaux pour la culture \u00ab Off bottom \u00bb - Machinefabriek Bakker","og_description":"L\u2019ensemble des mat\u00e9riaux mentionn\u00e9 ci-apr\u00e8s est livr\u00e9 par Machinefabriek Bakkker. Si vous avez des questions ou si vous \u00eates \u00e0 la recherche d\u2019un produit qui ne se trouve pas sur cette page, n\u2019h\u00e9sitez pas de vous mettre en contact avec nous.","og_url":"https:\/\/www.wbakker.com\/fr\/produits-et-services\/les-huitres\/culture-off-bottom\/les-materiaux-pour-la-culture-off-bottom\/","og_site_name":"Machinefabriek Bakker","article_modified_time":"2020-09-08T14:10:05+00:00","twitter_card":"summary_large_image","schema":{"@context":"https:\/\/schema.org","@graph":[{"@type":"WebPage","@id":"https:\/\/www.wbakker.com\/fr\/produits-et-services\/les-huitres\/culture-off-bottom\/les-materiaux-pour-la-culture-off-bottom\/","url":"https:\/\/www.wbakker.com\/fr\/produits-et-services\/les-huitres\/culture-off-bottom\/les-materiaux-pour-la-culture-off-bottom\/","name":"Les mat\u00e9riaux pour la culture \u00ab Off bottom \u00bb - Machinefabriek Bakker","isPartOf":{"@id":"https:\/\/www.wbakker.com\/#website"},"datePublished":"2020-06-30T14:22:53+00:00","dateModified":"2020-09-08T14:10:05+00:00","breadcrumb":{"@id":"https:\/\/www.wbakker.com\/fr\/produits-et-services\/les-huitres\/culture-off-bottom\/les-materiaux-pour-la-culture-off-bottom\/#breadcrumb"},"inLanguage":"fr-FR","potentialAction":[{"@type":"ReadAction","target":["https:\/\/www.wbakker.com\/fr\/produits-et-services\/les-huitres\/culture-off-bottom\/les-materiaux-pour-la-culture-off-bottom\/"]}]},{"@type":"BreadcrumbList","@id":"https:\/\/www.wbakker.com\/fr\/produits-et-services\/les-huitres\/culture-off-bottom\/les-materiaux-pour-la-culture-off-bottom\/#breadcrumb","itemListElement":[{"@type":"ListItem","position":1,"name":"Home","item":"https:\/\/www.wbakker.com\/fr\/"},{"@type":"ListItem","position":2,"name":"Produits et services","item":"https:\/\/www.wbakker.com\/fr\/produits-et-services\/"},{"@type":"ListItem","position":3,"name":"Les hu\u00eetres","item":"https:\/\/www.wbakker.com\/fr\/produits-et-services\/les-huitres\/"},{"@type":"ListItem","position":4,"name":"Culture \u201cOff bottom\u201c","item":"https:\/\/www.wbakker.com\/fr\/produits-et-services\/les-huitres\/culture-off-bottom\/"},{"@type":"ListItem","position":5,"name":"Les mat\u00e9riaux pour la culture \u00ab Off bottom \u00bb"}]},{"@type":"WebSite","@id":"https:\/\/www.wbakker.com\/#website","url":"https:\/\/www.wbakker.com\/","name":"Machinefabriek Bakker","description":"","potentialAction":[{"@type":"SearchAction","target":{"@type":"EntryPoint","urlTemplate":"https:\/\/www.wbakker.com\/?s={search_term_string}"},"query-input":{"@type":"PropertyValueSpecification","valueRequired":true,"valueName":"search_term_string"}}],"inLanguage":"fr-FR"}]}},"_links":{"self":[{"href":"https:\/\/www.wbakker.com\/fr\/wp-json\/wp\/v2\/pages\/680","targetHints":{"allow":["GET"]}}],"collection":[{"href":"https:\/\/www.wbakker.com\/fr\/wp-json\/wp\/v2\/pages"}],"about":[{"href":"https:\/\/www.wbakker.com\/fr\/wp-json\/wp\/v2\/types\/page"}],"author":[{"embeddable":true,"href":"https:\/\/www.wbakker.com\/fr\/wp-json\/wp\/v2\/users\/1"}],"replies":[{"embeddable":true,"href":"https:\/\/www.wbakker.com\/fr\/wp-json\/wp\/v2\/comments?post=680"}],"version-history":[{"count":2,"href":"https:\/\/www.wbakker.com\/fr\/wp-json\/wp\/v2\/pages\/680\/revisions"}],"predecessor-version":[{"id":683,"href":"https:\/\/www.wbakker.com\/fr\/wp-json\/wp\/v2\/pages\/680\/revisions\/683"}],"up":[{"embeddable":true,"href":"https:\/\/www.wbakker.com\/fr\/wp-json\/wp\/v2\/pages\/677"}],"wp:attachment":[{"href":"https:\/\/www.wbakker.com\/fr\/wp-json\/wp\/v2\/media?parent=680"}],"curies":[{"name":"wp","href":"https:\/\/api.w.org\/{rel}","templated":true}]}}