{"id":677,"date":"2020-06-30T14:22:03","date_gmt":"2020-06-30T14:22:03","guid":{"rendered":"https:\/\/www.wbakker.com\/produits-et-services\/les-huitres\/off-bottom-kweek\/"},"modified":"2020-09-08T14:40:15","modified_gmt":"2020-09-08T14:40:15","slug":"culture-off-bottom","status":"publish","type":"page","link":"https:\/\/www.wbakker.com\/fr\/produits-et-services\/les-huitres\/culture-off-bottom\/","title":{"rendered":"Culture \u201cOff bottom\u201c"},"content":{"rendered":"<p>Il y a quelques ann\u00e9es, le bigorneau perceur a fait son apparition au Pays Bas. L\u2019escargot carnivore perce un trou dans la coquille et mange la chair d\u2019hu\u00eetre. Grace au syst\u00e8me \u00ab\u00a0off bottom\u00a0\u00bb, l\u2019escargot n\u2019arrive plus pr\u00e8s des hu\u00eetres et ne les menace pas.<\/p>\n<p>D\u00e8s le d\u00e9but, Machinefabriek Bakker \u00e9tait fort impliqu\u00e9e dans le d\u00e9veloppement de la culture\u00a0\u00bb off bottom\u00a0\u00bb. De ce fait, Bakker est LE fournisseur d\u2019aussi bien les machines que les mat\u00e9riaux et dispose de l\u2019exp\u00e9rience et de la connaissance n\u00e9cessaire, afin de pouvoir pr\u00e9senter un paquet complet pour ce genre de culture. Appuyez sur l\u2019image si-dessous pour voir le groupe de produits en question.<\/p>\n","protected":false},"excerpt":{"rendered":"<p>Il y a quelques ann\u00e9es, le bigorneau perceur a fait son apparition au Pays Bas. L\u2019escargot carnivore perce un trou dans la coquille et mange la chair d\u2019hu\u00eetre. Grace au syst\u00e8me \u00ab\u00a0off bottom\u00a0\u00bb, l\u2019escargot n\u2019arrive plus pr\u00e8s des hu\u00eetres et ne les menace pas. D\u00e8s le d\u00e9but, Machinefabriek Bakker \u00e9tait fort impliqu\u00e9e dans le d\u00e9veloppement [&hellip;]<\/p>\n","protected":false},"author":1,"featured_media":0,"parent":674,"menu_order":0,"comment_status":"closed","ping_status":"closed","template":"","meta":{"_acf_changed":false,"footnotes":""},"class_list":["post-677","page","type-page","status-publish","hentry"],"acf":[],"yoast_head":"<!-- This site is optimized with the Yoast SEO plugin v27.2 - https:\/\/yoast.com\/product\/yoast-seo-wordpress\/ -->\n<title>Culture \u201cOff bottom\u201c - Machinefabriek Bakker<\/title>\n<meta name=\"robots\" content=\"index, follow, max-snippet:-1, max-image-preview:large, max-video-preview:-1\" \/>\n<link rel=\"canonical\" href=\"https:\/\/www.wbakker.com\/fr\/produits-et-services\/les-huitres\/culture-off-bottom\/\" \/>\n<meta property=\"og:locale\" content=\"fr_FR\" \/>\n<meta property=\"og:type\" content=\"article\" \/>\n<meta property=\"og:title\" content=\"Culture \u201cOff bottom\u201c - Machinefabriek Bakker\" \/>\n<meta property=\"og:description\" content=\"Il y a quelques ann\u00e9es, le bigorneau perceur a fait son apparition au Pays Bas. L\u2019escargot carnivore perce un trou dans la coquille et mange la chair d\u2019hu\u00eetre. Grace au syst\u00e8me \u00ab\u00a0off bottom\u00a0\u00bb, l\u2019escargot n\u2019arrive plus pr\u00e8s des hu\u00eetres et ne les menace pas. D\u00e8s le d\u00e9but, Machinefabriek Bakker \u00e9tait fort impliqu\u00e9e dans le d\u00e9veloppement [&hellip;]\" \/>\n<meta property=\"og:url\" content=\"https:\/\/www.wbakker.com\/fr\/produits-et-services\/les-huitres\/culture-off-bottom\/\" \/>\n<meta property=\"og:site_name\" content=\"Machinefabriek Bakker\" \/>\n<meta property=\"article:modified_time\" content=\"2020-09-08T14:40:15+00:00\" \/>\n<meta name=\"twitter:card\" content=\"summary_large_image\" \/>\n<meta name=\"twitter:label1\" content=\"Dur\u00e9e de lecture estim\u00e9e\" \/>\n\t<meta name=\"twitter:data1\" content=\"1 minute\" \/>\n<script type=\"application\/ld+json\" class=\"yoast-schema-graph\">{\"@context\":\"https:\/\/schema.org\",\"@graph\":[{\"@type\":\"WebPage\",\"@id\":\"https:\/\/www.wbakker.com\/fr\/produits-et-services\/les-huitres\/culture-off-bottom\/\",\"url\":\"https:\/\/www.wbakker.com\/fr\/produits-et-services\/les-huitres\/culture-off-bottom\/\",\"name\":\"Culture \u201cOff bottom\u201c - Machinefabriek Bakker\",\"isPartOf\":{\"@id\":\"https:\/\/www.wbakker.com\/#website\"},\"datePublished\":\"2020-06-30T14:22:03+00:00\",\"dateModified\":\"2020-09-08T14:40:15+00:00\",\"breadcrumb\":{\"@id\":\"https:\/\/www.wbakker.com\/fr\/produits-et-services\/les-huitres\/culture-off-bottom\/#breadcrumb\"},\"inLanguage\":\"fr-FR\",\"potentialAction\":[{\"@type\":\"ReadAction\",\"target\":[\"https:\/\/www.wbakker.com\/fr\/produits-et-services\/les-huitres\/culture-off-bottom\/\"]}]},{\"@type\":\"BreadcrumbList\",\"@id\":\"https:\/\/www.wbakker.com\/fr\/produits-et-services\/les-huitres\/culture-off-bottom\/#breadcrumb\",\"itemListElement\":[{\"@type\":\"ListItem\",\"position\":1,\"name\":\"Home\",\"item\":\"https:\/\/www.wbakker.com\/fr\/\"},{\"@type\":\"ListItem\",\"position\":2,\"name\":\"Produits et services\",\"item\":\"https:\/\/www.wbakker.com\/fr\/produits-et-services\/\"},{\"@type\":\"ListItem\",\"position\":3,\"name\":\"Les hu\u00eetres\",\"item\":\"https:\/\/www.wbakker.com\/fr\/produits-et-services\/les-huitres\/\"},{\"@type\":\"ListItem\",\"position\":4,\"name\":\"Culture \u201cOff bottom\u201c\"}]},{\"@type\":\"WebSite\",\"@id\":\"https:\/\/www.wbakker.com\/#website\",\"url\":\"https:\/\/www.wbakker.com\/\",\"name\":\"Machinefabriek Bakker\",\"description\":\"\",\"potentialAction\":[{\"@type\":\"SearchAction\",\"target\":{\"@type\":\"EntryPoint\",\"urlTemplate\":\"https:\/\/www.wbakker.com\/?s={search_term_string}\"},\"query-input\":{\"@type\":\"PropertyValueSpecification\",\"valueRequired\":true,\"valueName\":\"search_term_string\"}}],\"inLanguage\":\"fr-FR\"}]}<\/script>\n<!-- \/ Yoast SEO plugin. -->","yoast_head_json":{"title":"Culture \u201cOff bottom\u201c - Machinefabriek Bakker","robots":{"index":"index","follow":"follow","max-snippet":"max-snippet:-1","max-image-preview":"max-image-preview:large","max-video-preview":"max-video-preview:-1"},"canonical":"https:\/\/www.wbakker.com\/fr\/produits-et-services\/les-huitres\/culture-off-bottom\/","og_locale":"fr_FR","og_type":"article","og_title":"Culture \u201cOff bottom\u201c - Machinefabriek Bakker","og_description":"Il y a quelques ann\u00e9es, le bigorneau perceur a fait son apparition au Pays Bas. L\u2019escargot carnivore perce un trou dans la coquille et mange la chair d\u2019hu\u00eetre. Grace au syst\u00e8me \u00ab\u00a0off bottom\u00a0\u00bb, l\u2019escargot n\u2019arrive plus pr\u00e8s des hu\u00eetres et ne les menace pas. D\u00e8s le d\u00e9but, Machinefabriek Bakker \u00e9tait fort impliqu\u00e9e dans le d\u00e9veloppement [&hellip;]","og_url":"https:\/\/www.wbakker.com\/fr\/produits-et-services\/les-huitres\/culture-off-bottom\/","og_site_name":"Machinefabriek Bakker","article_modified_time":"2020-09-08T14:40:15+00:00","twitter_card":"summary_large_image","twitter_misc":{"Dur\u00e9e de lecture estim\u00e9e":"1 minute"},"schema":{"@context":"https:\/\/schema.org","@graph":[{"@type":"WebPage","@id":"https:\/\/www.wbakker.com\/fr\/produits-et-services\/les-huitres\/culture-off-bottom\/","url":"https:\/\/www.wbakker.com\/fr\/produits-et-services\/les-huitres\/culture-off-bottom\/","name":"Culture \u201cOff bottom\u201c - Machinefabriek Bakker","isPartOf":{"@id":"https:\/\/www.wbakker.com\/#website"},"datePublished":"2020-06-30T14:22:03+00:00","dateModified":"2020-09-08T14:40:15+00:00","breadcrumb":{"@id":"https:\/\/www.wbakker.com\/fr\/produits-et-services\/les-huitres\/culture-off-bottom\/#breadcrumb"},"inLanguage":"fr-FR","potentialAction":[{"@type":"ReadAction","target":["https:\/\/www.wbakker.com\/fr\/produits-et-services\/les-huitres\/culture-off-bottom\/"]}]},{"@type":"BreadcrumbList","@id":"https:\/\/www.wbakker.com\/fr\/produits-et-services\/les-huitres\/culture-off-bottom\/#breadcrumb","itemListElement":[{"@type":"ListItem","position":1,"name":"Home","item":"https:\/\/www.wbakker.com\/fr\/"},{"@type":"ListItem","position":2,"name":"Produits et services","item":"https:\/\/www.wbakker.com\/fr\/produits-et-services\/"},{"@type":"ListItem","position":3,"name":"Les hu\u00eetres","item":"https:\/\/www.wbakker.com\/fr\/produits-et-services\/les-huitres\/"},{"@type":"ListItem","position":4,"name":"Culture \u201cOff bottom\u201c"}]},{"@type":"WebSite","@id":"https:\/\/www.wbakker.com\/#website","url":"https:\/\/www.wbakker.com\/","name":"Machinefabriek Bakker","description":"","potentialAction":[{"@type":"SearchAction","target":{"@type":"EntryPoint","urlTemplate":"https:\/\/www.wbakker.com\/?s={search_term_string}"},"query-input":{"@type":"PropertyValueSpecification","valueRequired":true,"valueName":"search_term_string"}}],"inLanguage":"fr-FR"}]}},"_links":{"self":[{"href":"https:\/\/www.wbakker.com\/fr\/wp-json\/wp\/v2\/pages\/677","targetHints":{"allow":["GET"]}}],"collection":[{"href":"https:\/\/www.wbakker.com\/fr\/wp-json\/wp\/v2\/pages"}],"about":[{"href":"https:\/\/www.wbakker.com\/fr\/wp-json\/wp\/v2\/types\/page"}],"author":[{"embeddable":true,"href":"https:\/\/www.wbakker.com\/fr\/wp-json\/wp\/v2\/users\/1"}],"replies":[{"embeddable":true,"href":"https:\/\/www.wbakker.com\/fr\/wp-json\/wp\/v2\/comments?post=677"}],"version-history":[{"count":2,"href":"https:\/\/www.wbakker.com\/fr\/wp-json\/wp\/v2\/pages\/677\/revisions"}],"predecessor-version":[{"id":730,"href":"https:\/\/www.wbakker.com\/fr\/wp-json\/wp\/v2\/pages\/677\/revisions\/730"}],"up":[{"embeddable":true,"href":"https:\/\/www.wbakker.com\/fr\/wp-json\/wp\/v2\/pages\/674"}],"wp:attachment":[{"href":"https:\/\/www.wbakker.com\/fr\/wp-json\/wp\/v2\/media?parent=677"}],"curies":[{"name":"wp","href":"https:\/\/api.w.org\/{rel}","templated":true}]}}