{"id":674,"date":"2020-04-15T11:48:09","date_gmt":"2020-04-15T11:48:09","guid":{"rendered":"https:\/\/www.wbakker.com\/produits-et-services\/installaties-voor-oesters\/"},"modified":"2020-09-08T14:39:26","modified_gmt":"2020-09-08T14:39:26","slug":"les-huitres","status":"publish","type":"page","link":"https:\/\/www.wbakker.com\/fr\/produits-et-services\/les-huitres\/","title":{"rendered":"Les hu\u00eetres"},"content":{"rendered":"<p>Bakker est le sp\u00e9cialiste des produits et services pour la culture des hu\u00eetres. Au courant des ann\u00e9es, plusieurs machines, des produits pour la culture et des solutions pour ces coquillages, ont vus le jour. Dans le secteur de l\u2019hu\u00eetre, nous pouvons distinguer les cat\u00e9gories suivantes.<\/p>\n<p>Pour plus d\u2019information, appuyez sur la cat\u00e9gorie ou sur l\u2019image.<\/p>\n","protected":false},"excerpt":{"rendered":"<p>Bakker est le sp\u00e9cialiste des produits et services pour la culture des hu\u00eetres. Au courant des ann\u00e9es, plusieurs machines, des produits pour la culture et des solutions pour ces coquillages, ont vus le jour. Dans le secteur de l\u2019hu\u00eetre, nous pouvons distinguer les cat\u00e9gories suivantes. Pour plus d\u2019information, appuyez sur la cat\u00e9gorie ou sur l\u2019image.<\/p>\n","protected":false},"author":1,"featured_media":0,"parent":597,"menu_order":0,"comment_status":"closed","ping_status":"closed","template":"","meta":{"_acf_changed":false,"footnotes":""},"class_list":["post-674","page","type-page","status-publish","hentry"],"acf":[],"yoast_head":"<!-- This site is optimized with the Yoast SEO plugin v27.2 - https:\/\/yoast.com\/product\/yoast-seo-wordpress\/ -->\n<title>Les hu\u00eetres - Machinefabriek Bakker<\/title>\n<meta name=\"robots\" content=\"index, follow, max-snippet:-1, max-image-preview:large, max-video-preview:-1\" \/>\n<link rel=\"canonical\" href=\"https:\/\/www.wbakker.com\/fr\/produits-et-services\/les-huitres\/\" \/>\n<meta property=\"og:locale\" content=\"fr_FR\" \/>\n<meta property=\"og:type\" content=\"article\" \/>\n<meta property=\"og:title\" content=\"Les hu\u00eetres - Machinefabriek Bakker\" \/>\n<meta property=\"og:description\" content=\"Bakker est le sp\u00e9cialiste des produits et services pour la culture des hu\u00eetres. Au courant des ann\u00e9es, plusieurs machines, des produits pour la culture et des solutions pour ces coquillages, ont vus le jour. Dans le secteur de l\u2019hu\u00eetre, nous pouvons distinguer les cat\u00e9gories suivantes. Pour plus d\u2019information, appuyez sur la cat\u00e9gorie ou sur l\u2019image.\" \/>\n<meta property=\"og:url\" content=\"https:\/\/www.wbakker.com\/fr\/produits-et-services\/les-huitres\/\" \/>\n<meta property=\"og:site_name\" content=\"Machinefabriek Bakker\" \/>\n<meta property=\"article:modified_time\" content=\"2020-09-08T14:39:26+00:00\" \/>\n<meta name=\"twitter:card\" content=\"summary_large_image\" \/>\n<script type=\"application\/ld+json\" class=\"yoast-schema-graph\">{\"@context\":\"https:\/\/schema.org\",\"@graph\":[{\"@type\":\"WebPage\",\"@id\":\"https:\/\/www.wbakker.com\/fr\/produits-et-services\/les-huitres\/\",\"url\":\"https:\/\/www.wbakker.com\/fr\/produits-et-services\/les-huitres\/\",\"name\":\"Les hu\u00eetres - Machinefabriek Bakker\",\"isPartOf\":{\"@id\":\"https:\/\/www.wbakker.com\/#website\"},\"datePublished\":\"2020-04-15T11:48:09+00:00\",\"dateModified\":\"2020-09-08T14:39:26+00:00\",\"breadcrumb\":{\"@id\":\"https:\/\/www.wbakker.com\/fr\/produits-et-services\/les-huitres\/#breadcrumb\"},\"inLanguage\":\"fr-FR\",\"potentialAction\":[{\"@type\":\"ReadAction\",\"target\":[\"https:\/\/www.wbakker.com\/fr\/produits-et-services\/les-huitres\/\"]}]},{\"@type\":\"BreadcrumbList\",\"@id\":\"https:\/\/www.wbakker.com\/fr\/produits-et-services\/les-huitres\/#breadcrumb\",\"itemListElement\":[{\"@type\":\"ListItem\",\"position\":1,\"name\":\"Home\",\"item\":\"https:\/\/www.wbakker.com\/fr\/\"},{\"@type\":\"ListItem\",\"position\":2,\"name\":\"Produits et services\",\"item\":\"https:\/\/www.wbakker.com\/fr\/produits-et-services\/\"},{\"@type\":\"ListItem\",\"position\":3,\"name\":\"Les hu\u00eetres\"}]},{\"@type\":\"WebSite\",\"@id\":\"https:\/\/www.wbakker.com\/#website\",\"url\":\"https:\/\/www.wbakker.com\/\",\"name\":\"Machinefabriek Bakker\",\"description\":\"\",\"potentialAction\":[{\"@type\":\"SearchAction\",\"target\":{\"@type\":\"EntryPoint\",\"urlTemplate\":\"https:\/\/www.wbakker.com\/?s={search_term_string}\"},\"query-input\":{\"@type\":\"PropertyValueSpecification\",\"valueRequired\":true,\"valueName\":\"search_term_string\"}}],\"inLanguage\":\"fr-FR\"}]}<\/script>\n<!-- \/ Yoast SEO plugin. -->","yoast_head_json":{"title":"Les hu\u00eetres - Machinefabriek Bakker","robots":{"index":"index","follow":"follow","max-snippet":"max-snippet:-1","max-image-preview":"max-image-preview:large","max-video-preview":"max-video-preview:-1"},"canonical":"https:\/\/www.wbakker.com\/fr\/produits-et-services\/les-huitres\/","og_locale":"fr_FR","og_type":"article","og_title":"Les hu\u00eetres - Machinefabriek Bakker","og_description":"Bakker est le sp\u00e9cialiste des produits et services pour la culture des hu\u00eetres. Au courant des ann\u00e9es, plusieurs machines, des produits pour la culture et des solutions pour ces coquillages, ont vus le jour. Dans le secteur de l\u2019hu\u00eetre, nous pouvons distinguer les cat\u00e9gories suivantes. Pour plus d\u2019information, appuyez sur la cat\u00e9gorie ou sur l\u2019image.","og_url":"https:\/\/www.wbakker.com\/fr\/produits-et-services\/les-huitres\/","og_site_name":"Machinefabriek Bakker","article_modified_time":"2020-09-08T14:39:26+00:00","twitter_card":"summary_large_image","schema":{"@context":"https:\/\/schema.org","@graph":[{"@type":"WebPage","@id":"https:\/\/www.wbakker.com\/fr\/produits-et-services\/les-huitres\/","url":"https:\/\/www.wbakker.com\/fr\/produits-et-services\/les-huitres\/","name":"Les hu\u00eetres - Machinefabriek Bakker","isPartOf":{"@id":"https:\/\/www.wbakker.com\/#website"},"datePublished":"2020-04-15T11:48:09+00:00","dateModified":"2020-09-08T14:39:26+00:00","breadcrumb":{"@id":"https:\/\/www.wbakker.com\/fr\/produits-et-services\/les-huitres\/#breadcrumb"},"inLanguage":"fr-FR","potentialAction":[{"@type":"ReadAction","target":["https:\/\/www.wbakker.com\/fr\/produits-et-services\/les-huitres\/"]}]},{"@type":"BreadcrumbList","@id":"https:\/\/www.wbakker.com\/fr\/produits-et-services\/les-huitres\/#breadcrumb","itemListElement":[{"@type":"ListItem","position":1,"name":"Home","item":"https:\/\/www.wbakker.com\/fr\/"},{"@type":"ListItem","position":2,"name":"Produits et services","item":"https:\/\/www.wbakker.com\/fr\/produits-et-services\/"},{"@type":"ListItem","position":3,"name":"Les hu\u00eetres"}]},{"@type":"WebSite","@id":"https:\/\/www.wbakker.com\/#website","url":"https:\/\/www.wbakker.com\/","name":"Machinefabriek Bakker","description":"","potentialAction":[{"@type":"SearchAction","target":{"@type":"EntryPoint","urlTemplate":"https:\/\/www.wbakker.com\/?s={search_term_string}"},"query-input":{"@type":"PropertyValueSpecification","valueRequired":true,"valueName":"search_term_string"}}],"inLanguage":"fr-FR"}]}},"_links":{"self":[{"href":"https:\/\/www.wbakker.com\/fr\/wp-json\/wp\/v2\/pages\/674","targetHints":{"allow":["GET"]}}],"collection":[{"href":"https:\/\/www.wbakker.com\/fr\/wp-json\/wp\/v2\/pages"}],"about":[{"href":"https:\/\/www.wbakker.com\/fr\/wp-json\/wp\/v2\/types\/page"}],"author":[{"embeddable":true,"href":"https:\/\/www.wbakker.com\/fr\/wp-json\/wp\/v2\/users\/1"}],"replies":[{"embeddable":true,"href":"https:\/\/www.wbakker.com\/fr\/wp-json\/wp\/v2\/comments?post=674"}],"version-history":[{"count":2,"href":"https:\/\/www.wbakker.com\/fr\/wp-json\/wp\/v2\/pages\/674\/revisions"}],"predecessor-version":[{"id":728,"href":"https:\/\/www.wbakker.com\/fr\/wp-json\/wp\/v2\/pages\/674\/revisions\/728"}],"up":[{"embeddable":true,"href":"https:\/\/www.wbakker.com\/fr\/wp-json\/wp\/v2\/pages\/597"}],"wp:attachment":[{"href":"https:\/\/www.wbakker.com\/fr\/wp-json\/wp\/v2\/media?parent=674"}],"curies":[{"name":"wp","href":"https:\/\/api.w.org\/{rel}","templated":true}]}}