{"id":664,"date":"2020-06-30T12:50:42","date_gmt":"2020-06-30T12:50:42","guid":{"rendered":"https:\/\/www.wbakker.com\/produits-et-services\/moules\/verwerking-aan-wal\/"},"modified":"2023-01-03T09:56:53","modified_gmt":"2023-01-03T09:56:53","slug":"traitement-a-terre","status":"publish","type":"page","link":"https:\/\/www.wbakker.com\/fr\/produits-et-services\/moules\/traitement-a-terre\/","title":{"rendered":"Traitement \u00e0 terre"},"content":{"rendered":"<p>En g\u00e9n\u00e9ral les moules sont apr\u00e8s r\u00e9colte, trait\u00e9es \u00e0 terre avant d\u2019\u00eatre mises dans le circuit de la consommation. Des machines \u00e0 l\u2019air libre ou dans des usines ex\u00e9cutent des travaux de lavage, triage, debyssussage etc. Machinefabriek Bakker fournit pour cela les machines et solutions au Pays Bas mais \u00e9galement \u00e0 l\u2019\u00e9tranger.<\/p>\n<p>Ci-apr\u00e8s quelques exemples de machines et solutions<\/p>\n","protected":false},"excerpt":{"rendered":"<p>En g\u00e9n\u00e9ral les moules sont apr\u00e8s r\u00e9colte, trait\u00e9es \u00e0 terre avant d\u2019\u00eatre mises dans le circuit de la consommation. Des machines \u00e0 l\u2019air libre ou dans des usines ex\u00e9cutent des travaux de lavage, triage, debyssussage etc. Machinefabriek Bakker fournit pour cela les machines et solutions au Pays Bas mais \u00e9galement \u00e0 l\u2019\u00e9tranger. Ci-apr\u00e8s quelques exemples [&hellip;]<\/p>\n","protected":false},"author":1,"featured_media":0,"parent":599,"menu_order":1,"comment_status":"closed","ping_status":"closed","template":"","meta":{"_acf_changed":false,"footnotes":""},"class_list":["post-664","page","type-page","status-publish","hentry"],"acf":[],"yoast_head":"<!-- This site is optimized with the Yoast SEO plugin v27.2 - https:\/\/yoast.com\/product\/yoast-seo-wordpress\/ -->\n<title>Traitement \u00e0 terre - Machinefabriek Bakker<\/title>\n<meta name=\"robots\" content=\"index, follow, max-snippet:-1, max-image-preview:large, max-video-preview:-1\" \/>\n<link rel=\"canonical\" href=\"https:\/\/www.wbakker.com\/fr\/produits-et-services\/moules\/traitement-a-terre\/\" \/>\n<meta property=\"og:locale\" content=\"fr_FR\" \/>\n<meta property=\"og:type\" content=\"article\" \/>\n<meta property=\"og:title\" content=\"Traitement \u00e0 terre - Machinefabriek Bakker\" \/>\n<meta property=\"og:description\" content=\"En g\u00e9n\u00e9ral les moules sont apr\u00e8s r\u00e9colte, trait\u00e9es \u00e0 terre avant d\u2019\u00eatre mises dans le circuit de la consommation. Des machines \u00e0 l\u2019air libre ou dans des usines ex\u00e9cutent des travaux de lavage, triage, debyssussage etc. Machinefabriek Bakker fournit pour cela les machines et solutions au Pays Bas mais \u00e9galement \u00e0 l\u2019\u00e9tranger. Ci-apr\u00e8s quelques exemples [&hellip;]\" \/>\n<meta property=\"og:url\" content=\"https:\/\/www.wbakker.com\/fr\/produits-et-services\/moules\/traitement-a-terre\/\" \/>\n<meta property=\"og:site_name\" content=\"Machinefabriek Bakker\" \/>\n<meta property=\"article:modified_time\" content=\"2023-01-03T09:56:53+00:00\" \/>\n<meta name=\"twitter:card\" content=\"summary_large_image\" \/>\n<meta name=\"twitter:label1\" content=\"Dur\u00e9e de lecture estim\u00e9e\" \/>\n\t<meta name=\"twitter:data1\" content=\"1 minute\" \/>\n<script type=\"application\/ld+json\" class=\"yoast-schema-graph\">{\"@context\":\"https:\/\/schema.org\",\"@graph\":[{\"@type\":\"WebPage\",\"@id\":\"https:\/\/www.wbakker.com\/fr\/produits-et-services\/moules\/traitement-a-terre\/\",\"url\":\"https:\/\/www.wbakker.com\/fr\/produits-et-services\/moules\/traitement-a-terre\/\",\"name\":\"Traitement \u00e0 terre - Machinefabriek Bakker\",\"isPartOf\":{\"@id\":\"https:\/\/www.wbakker.com\/#website\"},\"datePublished\":\"2020-06-30T12:50:42+00:00\",\"dateModified\":\"2023-01-03T09:56:53+00:00\",\"breadcrumb\":{\"@id\":\"https:\/\/www.wbakker.com\/fr\/produits-et-services\/moules\/traitement-a-terre\/#breadcrumb\"},\"inLanguage\":\"fr-FR\",\"potentialAction\":[{\"@type\":\"ReadAction\",\"target\":[\"https:\/\/www.wbakker.com\/fr\/produits-et-services\/moules\/traitement-a-terre\/\"]}]},{\"@type\":\"BreadcrumbList\",\"@id\":\"https:\/\/www.wbakker.com\/fr\/produits-et-services\/moules\/traitement-a-terre\/#breadcrumb\",\"itemListElement\":[{\"@type\":\"ListItem\",\"position\":1,\"name\":\"Home\",\"item\":\"https:\/\/www.wbakker.com\/fr\/\"},{\"@type\":\"ListItem\",\"position\":2,\"name\":\"Produits et services\",\"item\":\"https:\/\/www.wbakker.com\/fr\/produits-et-services\/\"},{\"@type\":\"ListItem\",\"position\":3,\"name\":\"Moules\",\"item\":\"https:\/\/www.wbakker.com\/fr\/produits-et-services\/moules\/\"},{\"@type\":\"ListItem\",\"position\":4,\"name\":\"Traitement \u00e0 terre\"}]},{\"@type\":\"WebSite\",\"@id\":\"https:\/\/www.wbakker.com\/#website\",\"url\":\"https:\/\/www.wbakker.com\/\",\"name\":\"Machinefabriek Bakker\",\"description\":\"\",\"potentialAction\":[{\"@type\":\"SearchAction\",\"target\":{\"@type\":\"EntryPoint\",\"urlTemplate\":\"https:\/\/www.wbakker.com\/?s={search_term_string}\"},\"query-input\":{\"@type\":\"PropertyValueSpecification\",\"valueRequired\":true,\"valueName\":\"search_term_string\"}}],\"inLanguage\":\"fr-FR\"}]}<\/script>\n<!-- \/ Yoast SEO plugin. -->","yoast_head_json":{"title":"Traitement \u00e0 terre - Machinefabriek Bakker","robots":{"index":"index","follow":"follow","max-snippet":"max-snippet:-1","max-image-preview":"max-image-preview:large","max-video-preview":"max-video-preview:-1"},"canonical":"https:\/\/www.wbakker.com\/fr\/produits-et-services\/moules\/traitement-a-terre\/","og_locale":"fr_FR","og_type":"article","og_title":"Traitement \u00e0 terre - Machinefabriek Bakker","og_description":"En g\u00e9n\u00e9ral les moules sont apr\u00e8s r\u00e9colte, trait\u00e9es \u00e0 terre avant d\u2019\u00eatre mises dans le circuit de la consommation. Des machines \u00e0 l\u2019air libre ou dans des usines ex\u00e9cutent des travaux de lavage, triage, debyssussage etc. Machinefabriek Bakker fournit pour cela les machines et solutions au Pays Bas mais \u00e9galement \u00e0 l\u2019\u00e9tranger. Ci-apr\u00e8s quelques exemples [&hellip;]","og_url":"https:\/\/www.wbakker.com\/fr\/produits-et-services\/moules\/traitement-a-terre\/","og_site_name":"Machinefabriek Bakker","article_modified_time":"2023-01-03T09:56:53+00:00","twitter_card":"summary_large_image","twitter_misc":{"Dur\u00e9e de lecture estim\u00e9e":"1 minute"},"schema":{"@context":"https:\/\/schema.org","@graph":[{"@type":"WebPage","@id":"https:\/\/www.wbakker.com\/fr\/produits-et-services\/moules\/traitement-a-terre\/","url":"https:\/\/www.wbakker.com\/fr\/produits-et-services\/moules\/traitement-a-terre\/","name":"Traitement \u00e0 terre - Machinefabriek Bakker","isPartOf":{"@id":"https:\/\/www.wbakker.com\/#website"},"datePublished":"2020-06-30T12:50:42+00:00","dateModified":"2023-01-03T09:56:53+00:00","breadcrumb":{"@id":"https:\/\/www.wbakker.com\/fr\/produits-et-services\/moules\/traitement-a-terre\/#breadcrumb"},"inLanguage":"fr-FR","potentialAction":[{"@type":"ReadAction","target":["https:\/\/www.wbakker.com\/fr\/produits-et-services\/moules\/traitement-a-terre\/"]}]},{"@type":"BreadcrumbList","@id":"https:\/\/www.wbakker.com\/fr\/produits-et-services\/moules\/traitement-a-terre\/#breadcrumb","itemListElement":[{"@type":"ListItem","position":1,"name":"Home","item":"https:\/\/www.wbakker.com\/fr\/"},{"@type":"ListItem","position":2,"name":"Produits et services","item":"https:\/\/www.wbakker.com\/fr\/produits-et-services\/"},{"@type":"ListItem","position":3,"name":"Moules","item":"https:\/\/www.wbakker.com\/fr\/produits-et-services\/moules\/"},{"@type":"ListItem","position":4,"name":"Traitement \u00e0 terre"}]},{"@type":"WebSite","@id":"https:\/\/www.wbakker.com\/#website","url":"https:\/\/www.wbakker.com\/","name":"Machinefabriek Bakker","description":"","potentialAction":[{"@type":"SearchAction","target":{"@type":"EntryPoint","urlTemplate":"https:\/\/www.wbakker.com\/?s={search_term_string}"},"query-input":{"@type":"PropertyValueSpecification","valueRequired":true,"valueName":"search_term_string"}}],"inLanguage":"fr-FR"}]}},"_links":{"self":[{"href":"https:\/\/www.wbakker.com\/fr\/wp-json\/wp\/v2\/pages\/664","targetHints":{"allow":["GET"]}}],"collection":[{"href":"https:\/\/www.wbakker.com\/fr\/wp-json\/wp\/v2\/pages"}],"about":[{"href":"https:\/\/www.wbakker.com\/fr\/wp-json\/wp\/v2\/types\/page"}],"author":[{"embeddable":true,"href":"https:\/\/www.wbakker.com\/fr\/wp-json\/wp\/v2\/users\/1"}],"replies":[{"embeddable":true,"href":"https:\/\/www.wbakker.com\/fr\/wp-json\/wp\/v2\/comments?post=664"}],"version-history":[{"count":7,"href":"https:\/\/www.wbakker.com\/fr\/wp-json\/wp\/v2\/pages\/664\/revisions"}],"predecessor-version":[{"id":1068,"href":"https:\/\/www.wbakker.com\/fr\/wp-json\/wp\/v2\/pages\/664\/revisions\/1068"}],"up":[{"embeddable":true,"href":"https:\/\/www.wbakker.com\/fr\/wp-json\/wp\/v2\/pages\/599"}],"wp:attachment":[{"href":"https:\/\/www.wbakker.com\/fr\/wp-json\/wp\/v2\/media?parent=664"}],"curies":[{"name":"wp","href":"https:\/\/api.w.org\/{rel}","templated":true}]}}