{"id":645,"date":"2020-06-30T12:50:42","date_gmt":"2020-06-30T12:50:42","guid":{"rendered":"https:\/\/www.wbakker.com\/produits-et-services\/moules\/bodemcultuur\/"},"modified":"2022-12-30T13:49:30","modified_gmt":"2022-12-30T13:49:30","slug":"culture-au-sol","status":"publish","type":"page","link":"https:\/\/www.wbakker.com\/fr\/produits-et-services\/moules\/culture-au-sol\/","title":{"rendered":"Culture au sol"},"content":{"rendered":"<p>De tout temps au Pays Bas, les moules sont cultiv\u00e9es sur le fond marin. Il s\u2019agit de la croissance, la culture et la r\u00e9colte sur le fond marin, depuis le naissain jusqu\u2019\u00e0 la moule de consommation. Tout ce \u00a0travail est effectu\u00e9 avec des bateaux de moules(kotters) \u00e9quip\u00e9s par Bakker avec les machines et installations n\u00e9cessaires.<\/p>\n<p>Quelques exemples de machines et solutions propos\u00e9s<\/p>\n","protected":false},"excerpt":{"rendered":"<p>De tout temps au Pays Bas, les moules sont cultiv\u00e9es sur le fond marin. Il s\u2019agit de la croissance, la culture et la r\u00e9colte sur le fond marin, depuis le naissain jusqu\u2019\u00e0 la moule de consommation. Tout ce \u00a0travail est effectu\u00e9 avec des bateaux de moules(kotters) \u00e9quip\u00e9s par Bakker avec les machines et installations n\u00e9cessaires. [&hellip;]<\/p>\n","protected":false},"author":1,"featured_media":0,"parent":599,"menu_order":1,"comment_status":"closed","ping_status":"closed","template":"","meta":{"_acf_changed":false,"footnotes":""},"class_list":["post-645","page","type-page","status-publish","hentry"],"acf":[],"yoast_head":"<!-- This site is optimized with the Yoast SEO plugin v27.2 - https:\/\/yoast.com\/product\/yoast-seo-wordpress\/ -->\n<title>Culture au sol - Machinefabriek Bakker<\/title>\n<meta name=\"robots\" content=\"index, follow, max-snippet:-1, max-image-preview:large, max-video-preview:-1\" \/>\n<link rel=\"canonical\" href=\"https:\/\/www.wbakker.com\/fr\/produits-et-services\/moules\/culture-au-sol\/\" \/>\n<meta property=\"og:locale\" content=\"fr_FR\" \/>\n<meta property=\"og:type\" content=\"article\" \/>\n<meta property=\"og:title\" content=\"Culture au sol - Machinefabriek Bakker\" \/>\n<meta property=\"og:description\" content=\"De tout temps au Pays Bas, les moules sont cultiv\u00e9es sur le fond marin. Il s\u2019agit de la croissance, la culture et la r\u00e9colte sur le fond marin, depuis le naissain jusqu\u2019\u00e0 la moule de consommation. Tout ce \u00a0travail est effectu\u00e9 avec des bateaux de moules(kotters) \u00e9quip\u00e9s par Bakker avec les machines et installations n\u00e9cessaires. [&hellip;]\" \/>\n<meta property=\"og:url\" content=\"https:\/\/www.wbakker.com\/fr\/produits-et-services\/moules\/culture-au-sol\/\" \/>\n<meta property=\"og:site_name\" content=\"Machinefabriek Bakker\" \/>\n<meta property=\"article:modified_time\" content=\"2022-12-30T13:49:30+00:00\" \/>\n<meta name=\"twitter:card\" content=\"summary_large_image\" \/>\n<meta name=\"twitter:label1\" content=\"Dur\u00e9e de lecture estim\u00e9e\" \/>\n\t<meta name=\"twitter:data1\" content=\"1 minute\" \/>\n<script type=\"application\/ld+json\" class=\"yoast-schema-graph\">{\"@context\":\"https:\/\/schema.org\",\"@graph\":[{\"@type\":\"WebPage\",\"@id\":\"https:\/\/www.wbakker.com\/fr\/produits-et-services\/moules\/culture-au-sol\/\",\"url\":\"https:\/\/www.wbakker.com\/fr\/produits-et-services\/moules\/culture-au-sol\/\",\"name\":\"Culture au sol - Machinefabriek Bakker\",\"isPartOf\":{\"@id\":\"https:\/\/www.wbakker.com\/#website\"},\"datePublished\":\"2020-06-30T12:50:42+00:00\",\"dateModified\":\"2022-12-30T13:49:30+00:00\",\"breadcrumb\":{\"@id\":\"https:\/\/www.wbakker.com\/fr\/produits-et-services\/moules\/culture-au-sol\/#breadcrumb\"},\"inLanguage\":\"fr-FR\",\"potentialAction\":[{\"@type\":\"ReadAction\",\"target\":[\"https:\/\/www.wbakker.com\/fr\/produits-et-services\/moules\/culture-au-sol\/\"]}]},{\"@type\":\"BreadcrumbList\",\"@id\":\"https:\/\/www.wbakker.com\/fr\/produits-et-services\/moules\/culture-au-sol\/#breadcrumb\",\"itemListElement\":[{\"@type\":\"ListItem\",\"position\":1,\"name\":\"Home\",\"item\":\"https:\/\/www.wbakker.com\/fr\/\"},{\"@type\":\"ListItem\",\"position\":2,\"name\":\"Produits et services\",\"item\":\"https:\/\/www.wbakker.com\/fr\/produits-et-services\/\"},{\"@type\":\"ListItem\",\"position\":3,\"name\":\"Moules\",\"item\":\"https:\/\/www.wbakker.com\/fr\/produits-et-services\/moules\/\"},{\"@type\":\"ListItem\",\"position\":4,\"name\":\"Culture au sol\"}]},{\"@type\":\"WebSite\",\"@id\":\"https:\/\/www.wbakker.com\/#website\",\"url\":\"https:\/\/www.wbakker.com\/\",\"name\":\"Machinefabriek Bakker\",\"description\":\"\",\"potentialAction\":[{\"@type\":\"SearchAction\",\"target\":{\"@type\":\"EntryPoint\",\"urlTemplate\":\"https:\/\/www.wbakker.com\/?s={search_term_string}\"},\"query-input\":{\"@type\":\"PropertyValueSpecification\",\"valueRequired\":true,\"valueName\":\"search_term_string\"}}],\"inLanguage\":\"fr-FR\"}]}<\/script>\n<!-- \/ Yoast SEO plugin. -->","yoast_head_json":{"title":"Culture au sol - Machinefabriek Bakker","robots":{"index":"index","follow":"follow","max-snippet":"max-snippet:-1","max-image-preview":"max-image-preview:large","max-video-preview":"max-video-preview:-1"},"canonical":"https:\/\/www.wbakker.com\/fr\/produits-et-services\/moules\/culture-au-sol\/","og_locale":"fr_FR","og_type":"article","og_title":"Culture au sol - Machinefabriek Bakker","og_description":"De tout temps au Pays Bas, les moules sont cultiv\u00e9es sur le fond marin. Il s\u2019agit de la croissance, la culture et la r\u00e9colte sur le fond marin, depuis le naissain jusqu\u2019\u00e0 la moule de consommation. Tout ce \u00a0travail est effectu\u00e9 avec des bateaux de moules(kotters) \u00e9quip\u00e9s par Bakker avec les machines et installations n\u00e9cessaires. [&hellip;]","og_url":"https:\/\/www.wbakker.com\/fr\/produits-et-services\/moules\/culture-au-sol\/","og_site_name":"Machinefabriek Bakker","article_modified_time":"2022-12-30T13:49:30+00:00","twitter_card":"summary_large_image","twitter_misc":{"Dur\u00e9e de lecture estim\u00e9e":"1 minute"},"schema":{"@context":"https:\/\/schema.org","@graph":[{"@type":"WebPage","@id":"https:\/\/www.wbakker.com\/fr\/produits-et-services\/moules\/culture-au-sol\/","url":"https:\/\/www.wbakker.com\/fr\/produits-et-services\/moules\/culture-au-sol\/","name":"Culture au sol - Machinefabriek Bakker","isPartOf":{"@id":"https:\/\/www.wbakker.com\/#website"},"datePublished":"2020-06-30T12:50:42+00:00","dateModified":"2022-12-30T13:49:30+00:00","breadcrumb":{"@id":"https:\/\/www.wbakker.com\/fr\/produits-et-services\/moules\/culture-au-sol\/#breadcrumb"},"inLanguage":"fr-FR","potentialAction":[{"@type":"ReadAction","target":["https:\/\/www.wbakker.com\/fr\/produits-et-services\/moules\/culture-au-sol\/"]}]},{"@type":"BreadcrumbList","@id":"https:\/\/www.wbakker.com\/fr\/produits-et-services\/moules\/culture-au-sol\/#breadcrumb","itemListElement":[{"@type":"ListItem","position":1,"name":"Home","item":"https:\/\/www.wbakker.com\/fr\/"},{"@type":"ListItem","position":2,"name":"Produits et services","item":"https:\/\/www.wbakker.com\/fr\/produits-et-services\/"},{"@type":"ListItem","position":3,"name":"Moules","item":"https:\/\/www.wbakker.com\/fr\/produits-et-services\/moules\/"},{"@type":"ListItem","position":4,"name":"Culture au sol"}]},{"@type":"WebSite","@id":"https:\/\/www.wbakker.com\/#website","url":"https:\/\/www.wbakker.com\/","name":"Machinefabriek Bakker","description":"","potentialAction":[{"@type":"SearchAction","target":{"@type":"EntryPoint","urlTemplate":"https:\/\/www.wbakker.com\/?s={search_term_string}"},"query-input":{"@type":"PropertyValueSpecification","valueRequired":true,"valueName":"search_term_string"}}],"inLanguage":"fr-FR"}]}},"_links":{"self":[{"href":"https:\/\/www.wbakker.com\/fr\/wp-json\/wp\/v2\/pages\/645","targetHints":{"allow":["GET"]}}],"collection":[{"href":"https:\/\/www.wbakker.com\/fr\/wp-json\/wp\/v2\/pages"}],"about":[{"href":"https:\/\/www.wbakker.com\/fr\/wp-json\/wp\/v2\/types\/page"}],"author":[{"embeddable":true,"href":"https:\/\/www.wbakker.com\/fr\/wp-json\/wp\/v2\/users\/1"}],"replies":[{"embeddable":true,"href":"https:\/\/www.wbakker.com\/fr\/wp-json\/wp\/v2\/comments?post=645"}],"version-history":[{"count":4,"href":"https:\/\/www.wbakker.com\/fr\/wp-json\/wp\/v2\/pages\/645\/revisions"}],"predecessor-version":[{"id":1052,"href":"https:\/\/www.wbakker.com\/fr\/wp-json\/wp\/v2\/pages\/645\/revisions\/1052"}],"up":[{"embeddable":true,"href":"https:\/\/www.wbakker.com\/fr\/wp-json\/wp\/v2\/pages\/599"}],"wp:attachment":[{"href":"https:\/\/www.wbakker.com\/fr\/wp-json\/wp\/v2\/media?parent=645"}],"curies":[{"name":"wp","href":"https:\/\/api.w.org\/{rel}","templated":true}]}}