{"id":609,"date":"2020-06-30T11:48:57","date_gmt":"2020-06-30T11:48:57","guid":{"rendered":"https:\/\/www.wbakker.com\/produits-et-services\/moules\/systeme-de-longues-lignes\/machines-voor-longline-systemen\/"},"modified":"2026-01-27T15:15:51","modified_gmt":"2026-01-27T15:15:51","slug":"machines-pour-les-systemes-de-longues-lignes","status":"publish","type":"page","link":"https:\/\/www.wbakker.com\/fr\/produits-et-services\/moules\/systeme-de-longues-lignes\/machines-pour-les-systemes-de-longues-lignes\/","title":{"rendered":"Machines pour les syst\u00e8mes de longues lignes (fili\u00e8res)"},"content":{"rendered":"<p>Par la suite, nous pr\u00e9sentons un certain nombre de machines fabriqu\u00e9es pour nouer la corde et pour la r\u00e9colte et traitement des moules sur les longues lignes. Les machines sont toujours fabriqu\u00e9es sur mesure et suivant les sp\u00e9cifications des clients. Les exemples pr\u00e9sent\u00e9s ne sont qu\u2019un petit aper\u00e7u des possibilit\u00e9s que nous pouvons vous offrir. Si vous avez des questions ou si vous \u00eates \u00e0 la recherche d\u2019une solution, prenez contact avec nous sans crainte.<\/p>\n","protected":false},"excerpt":{"rendered":"<p>Par la suite, nous pr\u00e9sentons un certain nombre de machines fabriqu\u00e9es pour nouer la corde et pour la r\u00e9colte et traitement des moules sur les longues lignes. Les machines sont toujours fabriqu\u00e9es sur mesure et suivant les sp\u00e9cifications des clients. Les exemples pr\u00e9sent\u00e9s ne sont qu\u2019un petit aper\u00e7u des possibilit\u00e9s que nous pouvons vous offrir. [&hellip;]<\/p>\n","protected":false},"author":1,"featured_media":0,"parent":603,"menu_order":0,"comment_status":"closed","ping_status":"closed","template":"","meta":{"_acf_changed":false,"footnotes":""},"class_list":["post-609","page","type-page","status-publish","hentry"],"acf":[],"yoast_head":"<!-- This site is optimized with the Yoast SEO plugin v27.2 - https:\/\/yoast.com\/product\/yoast-seo-wordpress\/ -->\n<title>Machines pour les syst\u00e8mes de longues lignes (fili\u00e8res) - Machinefabriek Bakker<\/title>\n<meta name=\"robots\" content=\"index, follow, max-snippet:-1, max-image-preview:large, max-video-preview:-1\" \/>\n<link rel=\"canonical\" href=\"https:\/\/www.wbakker.com\/fr\/produits-et-services\/moules\/systeme-de-longues-lignes\/machines-pour-les-systemes-de-longues-lignes\/\" \/>\n<meta property=\"og:locale\" content=\"fr_FR\" \/>\n<meta property=\"og:type\" content=\"article\" \/>\n<meta property=\"og:title\" content=\"Machines pour les syst\u00e8mes de longues lignes (fili\u00e8res) - Machinefabriek Bakker\" \/>\n<meta property=\"og:description\" content=\"Par la suite, nous pr\u00e9sentons un certain nombre de machines fabriqu\u00e9es pour nouer la corde et pour la r\u00e9colte et traitement des moules sur les longues lignes. Les machines sont toujours fabriqu\u00e9es sur mesure et suivant les sp\u00e9cifications des clients. Les exemples pr\u00e9sent\u00e9s ne sont qu\u2019un petit aper\u00e7u des possibilit\u00e9s que nous pouvons vous offrir. [&hellip;]\" \/>\n<meta property=\"og:url\" content=\"https:\/\/www.wbakker.com\/fr\/produits-et-services\/moules\/systeme-de-longues-lignes\/machines-pour-les-systemes-de-longues-lignes\/\" \/>\n<meta property=\"og:site_name\" content=\"Machinefabriek Bakker\" \/>\n<meta property=\"article:modified_time\" content=\"2026-01-27T15:15:51+00:00\" \/>\n<meta name=\"twitter:card\" content=\"summary_large_image\" \/>\n<meta name=\"twitter:label1\" content=\"Dur\u00e9e de lecture estim\u00e9e\" \/>\n\t<meta name=\"twitter:data1\" content=\"1 minute\" \/>\n<script type=\"application\/ld+json\" class=\"yoast-schema-graph\">{\"@context\":\"https:\/\/schema.org\",\"@graph\":[{\"@type\":\"WebPage\",\"@id\":\"https:\/\/www.wbakker.com\/fr\/produits-et-services\/moules\/systeme-de-longues-lignes\/machines-pour-les-systemes-de-longues-lignes\/\",\"url\":\"https:\/\/www.wbakker.com\/fr\/produits-et-services\/moules\/systeme-de-longues-lignes\/machines-pour-les-systemes-de-longues-lignes\/\",\"name\":\"Machines pour les syst\u00e8mes de longues lignes (fili\u00e8res) - Machinefabriek Bakker\",\"isPartOf\":{\"@id\":\"https:\/\/www.wbakker.com\/#website\"},\"datePublished\":\"2020-06-30T11:48:57+00:00\",\"dateModified\":\"2026-01-27T15:15:51+00:00\",\"breadcrumb\":{\"@id\":\"https:\/\/www.wbakker.com\/fr\/produits-et-services\/moules\/systeme-de-longues-lignes\/machines-pour-les-systemes-de-longues-lignes\/#breadcrumb\"},\"inLanguage\":\"fr-FR\",\"potentialAction\":[{\"@type\":\"ReadAction\",\"target\":[\"https:\/\/www.wbakker.com\/fr\/produits-et-services\/moules\/systeme-de-longues-lignes\/machines-pour-les-systemes-de-longues-lignes\/\"]}]},{\"@type\":\"BreadcrumbList\",\"@id\":\"https:\/\/www.wbakker.com\/fr\/produits-et-services\/moules\/systeme-de-longues-lignes\/machines-pour-les-systemes-de-longues-lignes\/#breadcrumb\",\"itemListElement\":[{\"@type\":\"ListItem\",\"position\":1,\"name\":\"Home\",\"item\":\"https:\/\/www.wbakker.com\/fr\/\"},{\"@type\":\"ListItem\",\"position\":2,\"name\":\"Produits et services\",\"item\":\"https:\/\/www.wbakker.com\/fr\/produits-et-services\/\"},{\"@type\":\"ListItem\",\"position\":3,\"name\":\"Moules\",\"item\":\"https:\/\/www.wbakker.com\/fr\/produits-et-services\/moules\/\"},{\"@type\":\"ListItem\",\"position\":4,\"name\":\"Syst\u00e8me de longues lignes\",\"item\":\"https:\/\/www.wbakker.com\/fr\/produits-et-services\/moules\/systeme-de-longues-lignes\/\"},{\"@type\":\"ListItem\",\"position\":5,\"name\":\"Machines pour les syst\u00e8mes de longues lignes (fili\u00e8res)\"}]},{\"@type\":\"WebSite\",\"@id\":\"https:\/\/www.wbakker.com\/#website\",\"url\":\"https:\/\/www.wbakker.com\/\",\"name\":\"Machinefabriek Bakker\",\"description\":\"\",\"potentialAction\":[{\"@type\":\"SearchAction\",\"target\":{\"@type\":\"EntryPoint\",\"urlTemplate\":\"https:\/\/www.wbakker.com\/?s={search_term_string}\"},\"query-input\":{\"@type\":\"PropertyValueSpecification\",\"valueRequired\":true,\"valueName\":\"search_term_string\"}}],\"inLanguage\":\"fr-FR\"}]}<\/script>\n<!-- \/ Yoast SEO plugin. -->","yoast_head_json":{"title":"Machines pour les syst\u00e8mes de longues lignes (fili\u00e8res) - Machinefabriek Bakker","robots":{"index":"index","follow":"follow","max-snippet":"max-snippet:-1","max-image-preview":"max-image-preview:large","max-video-preview":"max-video-preview:-1"},"canonical":"https:\/\/www.wbakker.com\/fr\/produits-et-services\/moules\/systeme-de-longues-lignes\/machines-pour-les-systemes-de-longues-lignes\/","og_locale":"fr_FR","og_type":"article","og_title":"Machines pour les syst\u00e8mes de longues lignes (fili\u00e8res) - Machinefabriek Bakker","og_description":"Par la suite, nous pr\u00e9sentons un certain nombre de machines fabriqu\u00e9es pour nouer la corde et pour la r\u00e9colte et traitement des moules sur les longues lignes. Les machines sont toujours fabriqu\u00e9es sur mesure et suivant les sp\u00e9cifications des clients. Les exemples pr\u00e9sent\u00e9s ne sont qu\u2019un petit aper\u00e7u des possibilit\u00e9s que nous pouvons vous offrir. [&hellip;]","og_url":"https:\/\/www.wbakker.com\/fr\/produits-et-services\/moules\/systeme-de-longues-lignes\/machines-pour-les-systemes-de-longues-lignes\/","og_site_name":"Machinefabriek Bakker","article_modified_time":"2026-01-27T15:15:51+00:00","twitter_card":"summary_large_image","twitter_misc":{"Dur\u00e9e de lecture estim\u00e9e":"1 minute"},"schema":{"@context":"https:\/\/schema.org","@graph":[{"@type":"WebPage","@id":"https:\/\/www.wbakker.com\/fr\/produits-et-services\/moules\/systeme-de-longues-lignes\/machines-pour-les-systemes-de-longues-lignes\/","url":"https:\/\/www.wbakker.com\/fr\/produits-et-services\/moules\/systeme-de-longues-lignes\/machines-pour-les-systemes-de-longues-lignes\/","name":"Machines pour les syst\u00e8mes de longues lignes (fili\u00e8res) - Machinefabriek Bakker","isPartOf":{"@id":"https:\/\/www.wbakker.com\/#website"},"datePublished":"2020-06-30T11:48:57+00:00","dateModified":"2026-01-27T15:15:51+00:00","breadcrumb":{"@id":"https:\/\/www.wbakker.com\/fr\/produits-et-services\/moules\/systeme-de-longues-lignes\/machines-pour-les-systemes-de-longues-lignes\/#breadcrumb"},"inLanguage":"fr-FR","potentialAction":[{"@type":"ReadAction","target":["https:\/\/www.wbakker.com\/fr\/produits-et-services\/moules\/systeme-de-longues-lignes\/machines-pour-les-systemes-de-longues-lignes\/"]}]},{"@type":"BreadcrumbList","@id":"https:\/\/www.wbakker.com\/fr\/produits-et-services\/moules\/systeme-de-longues-lignes\/machines-pour-les-systemes-de-longues-lignes\/#breadcrumb","itemListElement":[{"@type":"ListItem","position":1,"name":"Home","item":"https:\/\/www.wbakker.com\/fr\/"},{"@type":"ListItem","position":2,"name":"Produits et services","item":"https:\/\/www.wbakker.com\/fr\/produits-et-services\/"},{"@type":"ListItem","position":3,"name":"Moules","item":"https:\/\/www.wbakker.com\/fr\/produits-et-services\/moules\/"},{"@type":"ListItem","position":4,"name":"Syst\u00e8me de longues lignes","item":"https:\/\/www.wbakker.com\/fr\/produits-et-services\/moules\/systeme-de-longues-lignes\/"},{"@type":"ListItem","position":5,"name":"Machines pour les syst\u00e8mes de longues lignes (fili\u00e8res)"}]},{"@type":"WebSite","@id":"https:\/\/www.wbakker.com\/#website","url":"https:\/\/www.wbakker.com\/","name":"Machinefabriek Bakker","description":"","potentialAction":[{"@type":"SearchAction","target":{"@type":"EntryPoint","urlTemplate":"https:\/\/www.wbakker.com\/?s={search_term_string}"},"query-input":{"@type":"PropertyValueSpecification","valueRequired":true,"valueName":"search_term_string"}}],"inLanguage":"fr-FR"}]}},"_links":{"self":[{"href":"https:\/\/www.wbakker.com\/fr\/wp-json\/wp\/v2\/pages\/609","targetHints":{"allow":["GET"]}}],"collection":[{"href":"https:\/\/www.wbakker.com\/fr\/wp-json\/wp\/v2\/pages"}],"about":[{"href":"https:\/\/www.wbakker.com\/fr\/wp-json\/wp\/v2\/types\/page"}],"author":[{"embeddable":true,"href":"https:\/\/www.wbakker.com\/fr\/wp-json\/wp\/v2\/users\/1"}],"replies":[{"embeddable":true,"href":"https:\/\/www.wbakker.com\/fr\/wp-json\/wp\/v2\/comments?post=609"}],"version-history":[{"count":8,"href":"https:\/\/www.wbakker.com\/fr\/wp-json\/wp\/v2\/pages\/609\/revisions"}],"predecessor-version":[{"id":1304,"href":"https:\/\/www.wbakker.com\/fr\/wp-json\/wp\/v2\/pages\/609\/revisions\/1304"}],"up":[{"embeddable":true,"href":"https:\/\/www.wbakker.com\/fr\/wp-json\/wp\/v2\/pages\/603"}],"wp:attachment":[{"href":"https:\/\/www.wbakker.com\/fr\/wp-json\/wp\/v2\/media?parent=609"}],"curies":[{"name":"wp","href":"https:\/\/api.w.org\/{rel}","templated":true}]}}