{"id":603,"date":"2020-06-30T11:43:15","date_gmt":"2020-06-30T11:43:15","guid":{"rendered":"https:\/\/www.wbakker.com\/produits-et-services\/moules\/longline-systemen\/"},"modified":"2020-09-08T14:38:01","modified_gmt":"2020-09-08T14:38:01","slug":"systeme-de-longues-lignes","status":"publish","type":"page","link":"https:\/\/www.wbakker.com\/fr\/produits-et-services\/moules\/systeme-de-longues-lignes\/","title":{"rendered":"Syst\u00e8me de longues lignes"},"content":{"rendered":"<p>Le syst\u00e8me: des bou\u00e9es, attach\u00e9es \u00e0 des lignes flottantes principales et plusieurs lignes, de diff\u00e9rentes sortes qui sont suspendues en dessous des lignes flottantes principales pour cultiver les moules dans ses diff\u00e9rentes \u00e9tapes du processus de croissance.<\/p>\n<p>La culture de moules, syst\u00e8me LL, conna\u00eet les deux m\u00e9thodes de culture suivantes:<\/p>\n","protected":false},"excerpt":{"rendered":"<p>Le syst\u00e8me: des bou\u00e9es, attach\u00e9es \u00e0 des lignes flottantes principales et plusieurs lignes, de diff\u00e9rentes sortes qui sont suspendues en dessous des lignes flottantes principales pour cultiver les moules dans ses diff\u00e9rentes \u00e9tapes du processus de croissance. La culture de moules, syst\u00e8me LL, conna\u00eet les deux m\u00e9thodes de culture suivantes:<\/p>\n","protected":false},"author":1,"featured_media":0,"parent":599,"menu_order":0,"comment_status":"closed","ping_status":"closed","template":"","meta":{"_acf_changed":false,"footnotes":""},"class_list":["post-603","page","type-page","status-publish","hentry"],"acf":[],"yoast_head":"<!-- This site is optimized with the Yoast SEO plugin v27.2 - https:\/\/yoast.com\/product\/yoast-seo-wordpress\/ -->\n<title>Syst\u00e8me de longues lignes - Machinefabriek Bakker<\/title>\n<meta name=\"robots\" content=\"index, follow, max-snippet:-1, max-image-preview:large, max-video-preview:-1\" \/>\n<link rel=\"canonical\" href=\"https:\/\/www.wbakker.com\/fr\/produits-et-services\/moules\/systeme-de-longues-lignes\/\" \/>\n<meta property=\"og:locale\" content=\"fr_FR\" \/>\n<meta property=\"og:type\" content=\"article\" \/>\n<meta property=\"og:title\" content=\"Syst\u00e8me de longues lignes - Machinefabriek Bakker\" \/>\n<meta property=\"og:description\" content=\"Le syst\u00e8me: des bou\u00e9es, attach\u00e9es \u00e0 des lignes flottantes principales et plusieurs lignes, de diff\u00e9rentes sortes qui sont suspendues en dessous des lignes flottantes principales pour cultiver les moules dans ses diff\u00e9rentes \u00e9tapes du processus de croissance. La culture de moules, syst\u00e8me LL, conna\u00eet les deux m\u00e9thodes de culture suivantes:\" \/>\n<meta property=\"og:url\" content=\"https:\/\/www.wbakker.com\/fr\/produits-et-services\/moules\/systeme-de-longues-lignes\/\" \/>\n<meta property=\"og:site_name\" content=\"Machinefabriek Bakker\" \/>\n<meta property=\"article:modified_time\" content=\"2020-09-08T14:38:01+00:00\" \/>\n<meta name=\"twitter:card\" content=\"summary_large_image\" \/>\n<script type=\"application\/ld+json\" class=\"yoast-schema-graph\">{\"@context\":\"https:\/\/schema.org\",\"@graph\":[{\"@type\":\"WebPage\",\"@id\":\"https:\/\/www.wbakker.com\/fr\/produits-et-services\/moules\/systeme-de-longues-lignes\/\",\"url\":\"https:\/\/www.wbakker.com\/fr\/produits-et-services\/moules\/systeme-de-longues-lignes\/\",\"name\":\"Syst\u00e8me de longues lignes - Machinefabriek Bakker\",\"isPartOf\":{\"@id\":\"https:\/\/www.wbakker.com\/#website\"},\"datePublished\":\"2020-06-30T11:43:15+00:00\",\"dateModified\":\"2020-09-08T14:38:01+00:00\",\"breadcrumb\":{\"@id\":\"https:\/\/www.wbakker.com\/fr\/produits-et-services\/moules\/systeme-de-longues-lignes\/#breadcrumb\"},\"inLanguage\":\"fr-FR\",\"potentialAction\":[{\"@type\":\"ReadAction\",\"target\":[\"https:\/\/www.wbakker.com\/fr\/produits-et-services\/moules\/systeme-de-longues-lignes\/\"]}]},{\"@type\":\"BreadcrumbList\",\"@id\":\"https:\/\/www.wbakker.com\/fr\/produits-et-services\/moules\/systeme-de-longues-lignes\/#breadcrumb\",\"itemListElement\":[{\"@type\":\"ListItem\",\"position\":1,\"name\":\"Home\",\"item\":\"https:\/\/www.wbakker.com\/fr\/\"},{\"@type\":\"ListItem\",\"position\":2,\"name\":\"Produits et services\",\"item\":\"https:\/\/www.wbakker.com\/fr\/produits-et-services\/\"},{\"@type\":\"ListItem\",\"position\":3,\"name\":\"Moules\",\"item\":\"https:\/\/www.wbakker.com\/fr\/produits-et-services\/moules\/\"},{\"@type\":\"ListItem\",\"position\":4,\"name\":\"Syst\u00e8me de longues lignes\"}]},{\"@type\":\"WebSite\",\"@id\":\"https:\/\/www.wbakker.com\/#website\",\"url\":\"https:\/\/www.wbakker.com\/\",\"name\":\"Machinefabriek Bakker\",\"description\":\"\",\"potentialAction\":[{\"@type\":\"SearchAction\",\"target\":{\"@type\":\"EntryPoint\",\"urlTemplate\":\"https:\/\/www.wbakker.com\/?s={search_term_string}\"},\"query-input\":{\"@type\":\"PropertyValueSpecification\",\"valueRequired\":true,\"valueName\":\"search_term_string\"}}],\"inLanguage\":\"fr-FR\"}]}<\/script>\n<!-- \/ Yoast SEO plugin. -->","yoast_head_json":{"title":"Syst\u00e8me de longues lignes - Machinefabriek Bakker","robots":{"index":"index","follow":"follow","max-snippet":"max-snippet:-1","max-image-preview":"max-image-preview:large","max-video-preview":"max-video-preview:-1"},"canonical":"https:\/\/www.wbakker.com\/fr\/produits-et-services\/moules\/systeme-de-longues-lignes\/","og_locale":"fr_FR","og_type":"article","og_title":"Syst\u00e8me de longues lignes - Machinefabriek Bakker","og_description":"Le syst\u00e8me: des bou\u00e9es, attach\u00e9es \u00e0 des lignes flottantes principales et plusieurs lignes, de diff\u00e9rentes sortes qui sont suspendues en dessous des lignes flottantes principales pour cultiver les moules dans ses diff\u00e9rentes \u00e9tapes du processus de croissance. La culture de moules, syst\u00e8me LL, conna\u00eet les deux m\u00e9thodes de culture suivantes:","og_url":"https:\/\/www.wbakker.com\/fr\/produits-et-services\/moules\/systeme-de-longues-lignes\/","og_site_name":"Machinefabriek Bakker","article_modified_time":"2020-09-08T14:38:01+00:00","twitter_card":"summary_large_image","schema":{"@context":"https:\/\/schema.org","@graph":[{"@type":"WebPage","@id":"https:\/\/www.wbakker.com\/fr\/produits-et-services\/moules\/systeme-de-longues-lignes\/","url":"https:\/\/www.wbakker.com\/fr\/produits-et-services\/moules\/systeme-de-longues-lignes\/","name":"Syst\u00e8me de longues lignes - Machinefabriek Bakker","isPartOf":{"@id":"https:\/\/www.wbakker.com\/#website"},"datePublished":"2020-06-30T11:43:15+00:00","dateModified":"2020-09-08T14:38:01+00:00","breadcrumb":{"@id":"https:\/\/www.wbakker.com\/fr\/produits-et-services\/moules\/systeme-de-longues-lignes\/#breadcrumb"},"inLanguage":"fr-FR","potentialAction":[{"@type":"ReadAction","target":["https:\/\/www.wbakker.com\/fr\/produits-et-services\/moules\/systeme-de-longues-lignes\/"]}]},{"@type":"BreadcrumbList","@id":"https:\/\/www.wbakker.com\/fr\/produits-et-services\/moules\/systeme-de-longues-lignes\/#breadcrumb","itemListElement":[{"@type":"ListItem","position":1,"name":"Home","item":"https:\/\/www.wbakker.com\/fr\/"},{"@type":"ListItem","position":2,"name":"Produits et services","item":"https:\/\/www.wbakker.com\/fr\/produits-et-services\/"},{"@type":"ListItem","position":3,"name":"Moules","item":"https:\/\/www.wbakker.com\/fr\/produits-et-services\/moules\/"},{"@type":"ListItem","position":4,"name":"Syst\u00e8me de longues lignes"}]},{"@type":"WebSite","@id":"https:\/\/www.wbakker.com\/#website","url":"https:\/\/www.wbakker.com\/","name":"Machinefabriek Bakker","description":"","potentialAction":[{"@type":"SearchAction","target":{"@type":"EntryPoint","urlTemplate":"https:\/\/www.wbakker.com\/?s={search_term_string}"},"query-input":{"@type":"PropertyValueSpecification","valueRequired":true,"valueName":"search_term_string"}}],"inLanguage":"fr-FR"}]}},"_links":{"self":[{"href":"https:\/\/www.wbakker.com\/fr\/wp-json\/wp\/v2\/pages\/603","targetHints":{"allow":["GET"]}}],"collection":[{"href":"https:\/\/www.wbakker.com\/fr\/wp-json\/wp\/v2\/pages"}],"about":[{"href":"https:\/\/www.wbakker.com\/fr\/wp-json\/wp\/v2\/types\/page"}],"author":[{"embeddable":true,"href":"https:\/\/www.wbakker.com\/fr\/wp-json\/wp\/v2\/users\/1"}],"replies":[{"embeddable":true,"href":"https:\/\/www.wbakker.com\/fr\/wp-json\/wp\/v2\/comments?post=603"}],"version-history":[{"count":2,"href":"https:\/\/www.wbakker.com\/fr\/wp-json\/wp\/v2\/pages\/603\/revisions"}],"predecessor-version":[{"id":727,"href":"https:\/\/www.wbakker.com\/fr\/wp-json\/wp\/v2\/pages\/603\/revisions\/727"}],"up":[{"embeddable":true,"href":"https:\/\/www.wbakker.com\/fr\/wp-json\/wp\/v2\/pages\/599"}],"wp:attachment":[{"href":"https:\/\/www.wbakker.com\/fr\/wp-json\/wp\/v2\/media?parent=603"}],"curies":[{"name":"wp","href":"https:\/\/api.w.org\/{rel}","templated":true}]}}