{"id":1095,"date":"2023-01-04T09:40:35","date_gmt":"2023-01-04T09:40:35","guid":{"rendered":"https:\/\/www.wbakker.com\/produits-et-services\/zeewier\/"},"modified":"2023-10-19T12:28:19","modified_gmt":"2023-10-19T12:28:19","slug":"la-culture-des-algues","status":"publish","type":"page","link":"https:\/\/www.wbakker.com\/fr\/produits-et-services\/la-culture-des-algues\/","title":{"rendered":"La culture des algues"},"content":{"rendered":"<p>La culture des algues est en plein essor aux Pays-Bas, mais aussi \u00e0 l&rsquo;\u00e9tranger. La culture des algues est consid\u00e9r\u00e9e comme une solution aux futures p\u00e9nuries alimentaires. Le grand avantage des algues est qu&rsquo;elles sont cultiv\u00e9es dans la mer o\u00f9 il y a encore beaucoup d&rsquo;espace disponible et qu&rsquo;elles sont tr\u00e8s riches en nutriments sains qui sont d&rsquo;une grande importance pour l&rsquo;homme. De plus, c&rsquo;est un produit tr\u00e8s polyvalent, il peut \u00eatre utilis\u00e9 comme plat principal, accompagnement, substitut de viande, alimentation animale, exhausteur de go\u00fbt, etc.<\/p>\n<p>Machinefabriek Bakker a \u00e9t\u00e9 \u00e9troitement impliqu\u00e9 dans le d\u00e9veloppement des m\u00e9thodes de culture, de r\u00e9colte et de transformation d\u00e8s le d\u00e9but et a acquis une grande exp\u00e9rience et des connaissances au fil des ans. Voir ci-dessous quelques exemples de possibilit\u00e9s.<\/p>\n","protected":false},"excerpt":{"rendered":"<p>La culture des algues est en plein essor aux Pays-Bas, mais aussi \u00e0 l&rsquo;\u00e9tranger. La culture des algues est consid\u00e9r\u00e9e comme une solution aux futures p\u00e9nuries alimentaires. Le grand avantage des algues est qu&rsquo;elles sont cultiv\u00e9es dans la mer o\u00f9 il y a encore beaucoup d&rsquo;espace disponible et qu&rsquo;elles sont tr\u00e8s riches en nutriments sains [&hellip;]<\/p>\n","protected":false},"author":1,"featured_media":0,"parent":597,"menu_order":6,"comment_status":"closed","ping_status":"closed","template":"","meta":{"_acf_changed":false,"footnotes":""},"class_list":["post-1095","page","type-page","status-publish","hentry"],"acf":[],"yoast_head":"<!-- This site is optimized with the Yoast SEO plugin v27.2 - https:\/\/yoast.com\/product\/yoast-seo-wordpress\/ -->\n<title>La culture des algues - Machinefabriek Bakker<\/title>\n<meta name=\"robots\" content=\"index, follow, max-snippet:-1, max-image-preview:large, max-video-preview:-1\" \/>\n<link rel=\"canonical\" href=\"https:\/\/www.wbakker.com\/fr\/produits-et-services\/la-culture-des-algues\/\" \/>\n<meta property=\"og:locale\" content=\"fr_FR\" \/>\n<meta property=\"og:type\" content=\"article\" \/>\n<meta property=\"og:title\" content=\"La culture des algues - Machinefabriek Bakker\" \/>\n<meta property=\"og:description\" content=\"La culture des algues est en plein essor aux Pays-Bas, mais aussi \u00e0 l&rsquo;\u00e9tranger. La culture des algues est consid\u00e9r\u00e9e comme une solution aux futures p\u00e9nuries alimentaires. Le grand avantage des algues est qu&rsquo;elles sont cultiv\u00e9es dans la mer o\u00f9 il y a encore beaucoup d&rsquo;espace disponible et qu&rsquo;elles sont tr\u00e8s riches en nutriments sains [&hellip;]\" \/>\n<meta property=\"og:url\" content=\"https:\/\/www.wbakker.com\/fr\/produits-et-services\/la-culture-des-algues\/\" \/>\n<meta property=\"og:site_name\" content=\"Machinefabriek Bakker\" \/>\n<meta property=\"article:modified_time\" content=\"2023-10-19T12:28:19+00:00\" \/>\n<meta name=\"twitter:card\" content=\"summary_large_image\" \/>\n<meta name=\"twitter:label1\" content=\"Dur\u00e9e de lecture estim\u00e9e\" \/>\n\t<meta name=\"twitter:data1\" content=\"1 minute\" \/>\n<script type=\"application\/ld+json\" class=\"yoast-schema-graph\">{\"@context\":\"https:\/\/schema.org\",\"@graph\":[{\"@type\":\"WebPage\",\"@id\":\"https:\/\/www.wbakker.com\/fr\/produits-et-services\/la-culture-des-algues\/\",\"url\":\"https:\/\/www.wbakker.com\/fr\/produits-et-services\/la-culture-des-algues\/\",\"name\":\"La culture des algues - Machinefabriek Bakker\",\"isPartOf\":{\"@id\":\"https:\/\/www.wbakker.com\/#website\"},\"datePublished\":\"2023-01-04T09:40:35+00:00\",\"dateModified\":\"2023-10-19T12:28:19+00:00\",\"breadcrumb\":{\"@id\":\"https:\/\/www.wbakker.com\/fr\/produits-et-services\/la-culture-des-algues\/#breadcrumb\"},\"inLanguage\":\"fr-FR\",\"potentialAction\":[{\"@type\":\"ReadAction\",\"target\":[\"https:\/\/www.wbakker.com\/fr\/produits-et-services\/la-culture-des-algues\/\"]}]},{\"@type\":\"BreadcrumbList\",\"@id\":\"https:\/\/www.wbakker.com\/fr\/produits-et-services\/la-culture-des-algues\/#breadcrumb\",\"itemListElement\":[{\"@type\":\"ListItem\",\"position\":1,\"name\":\"Home\",\"item\":\"https:\/\/www.wbakker.com\/fr\/\"},{\"@type\":\"ListItem\",\"position\":2,\"name\":\"Produits et services\",\"item\":\"https:\/\/www.wbakker.com\/fr\/produits-et-services\/\"},{\"@type\":\"ListItem\",\"position\":3,\"name\":\"La culture des algues\"}]},{\"@type\":\"WebSite\",\"@id\":\"https:\/\/www.wbakker.com\/#website\",\"url\":\"https:\/\/www.wbakker.com\/\",\"name\":\"Machinefabriek Bakker\",\"description\":\"\",\"potentialAction\":[{\"@type\":\"SearchAction\",\"target\":{\"@type\":\"EntryPoint\",\"urlTemplate\":\"https:\/\/www.wbakker.com\/?s={search_term_string}\"},\"query-input\":{\"@type\":\"PropertyValueSpecification\",\"valueRequired\":true,\"valueName\":\"search_term_string\"}}],\"inLanguage\":\"fr-FR\"}]}<\/script>\n<!-- \/ Yoast SEO plugin. -->","yoast_head_json":{"title":"La culture des algues - Machinefabriek Bakker","robots":{"index":"index","follow":"follow","max-snippet":"max-snippet:-1","max-image-preview":"max-image-preview:large","max-video-preview":"max-video-preview:-1"},"canonical":"https:\/\/www.wbakker.com\/fr\/produits-et-services\/la-culture-des-algues\/","og_locale":"fr_FR","og_type":"article","og_title":"La culture des algues - Machinefabriek Bakker","og_description":"La culture des algues est en plein essor aux Pays-Bas, mais aussi \u00e0 l&rsquo;\u00e9tranger. La culture des algues est consid\u00e9r\u00e9e comme une solution aux futures p\u00e9nuries alimentaires. Le grand avantage des algues est qu&rsquo;elles sont cultiv\u00e9es dans la mer o\u00f9 il y a encore beaucoup d&rsquo;espace disponible et qu&rsquo;elles sont tr\u00e8s riches en nutriments sains [&hellip;]","og_url":"https:\/\/www.wbakker.com\/fr\/produits-et-services\/la-culture-des-algues\/","og_site_name":"Machinefabriek Bakker","article_modified_time":"2023-10-19T12:28:19+00:00","twitter_card":"summary_large_image","twitter_misc":{"Dur\u00e9e de lecture estim\u00e9e":"1 minute"},"schema":{"@context":"https:\/\/schema.org","@graph":[{"@type":"WebPage","@id":"https:\/\/www.wbakker.com\/fr\/produits-et-services\/la-culture-des-algues\/","url":"https:\/\/www.wbakker.com\/fr\/produits-et-services\/la-culture-des-algues\/","name":"La culture des algues - Machinefabriek Bakker","isPartOf":{"@id":"https:\/\/www.wbakker.com\/#website"},"datePublished":"2023-01-04T09:40:35+00:00","dateModified":"2023-10-19T12:28:19+00:00","breadcrumb":{"@id":"https:\/\/www.wbakker.com\/fr\/produits-et-services\/la-culture-des-algues\/#breadcrumb"},"inLanguage":"fr-FR","potentialAction":[{"@type":"ReadAction","target":["https:\/\/www.wbakker.com\/fr\/produits-et-services\/la-culture-des-algues\/"]}]},{"@type":"BreadcrumbList","@id":"https:\/\/www.wbakker.com\/fr\/produits-et-services\/la-culture-des-algues\/#breadcrumb","itemListElement":[{"@type":"ListItem","position":1,"name":"Home","item":"https:\/\/www.wbakker.com\/fr\/"},{"@type":"ListItem","position":2,"name":"Produits et services","item":"https:\/\/www.wbakker.com\/fr\/produits-et-services\/"},{"@type":"ListItem","position":3,"name":"La culture des algues"}]},{"@type":"WebSite","@id":"https:\/\/www.wbakker.com\/#website","url":"https:\/\/www.wbakker.com\/","name":"Machinefabriek Bakker","description":"","potentialAction":[{"@type":"SearchAction","target":{"@type":"EntryPoint","urlTemplate":"https:\/\/www.wbakker.com\/?s={search_term_string}"},"query-input":{"@type":"PropertyValueSpecification","valueRequired":true,"valueName":"search_term_string"}}],"inLanguage":"fr-FR"}]}},"_links":{"self":[{"href":"https:\/\/www.wbakker.com\/fr\/wp-json\/wp\/v2\/pages\/1095","targetHints":{"allow":["GET"]}}],"collection":[{"href":"https:\/\/www.wbakker.com\/fr\/wp-json\/wp\/v2\/pages"}],"about":[{"href":"https:\/\/www.wbakker.com\/fr\/wp-json\/wp\/v2\/types\/page"}],"author":[{"embeddable":true,"href":"https:\/\/www.wbakker.com\/fr\/wp-json\/wp\/v2\/users\/1"}],"replies":[{"embeddable":true,"href":"https:\/\/www.wbakker.com\/fr\/wp-json\/wp\/v2\/comments?post=1095"}],"version-history":[{"count":3,"href":"https:\/\/www.wbakker.com\/fr\/wp-json\/wp\/v2\/pages\/1095\/revisions"}],"predecessor-version":[{"id":1152,"href":"https:\/\/www.wbakker.com\/fr\/wp-json\/wp\/v2\/pages\/1095\/revisions\/1152"}],"up":[{"embeddable":true,"href":"https:\/\/www.wbakker.com\/fr\/wp-json\/wp\/v2\/pages\/597"}],"wp:attachment":[{"href":"https:\/\/www.wbakker.com\/fr\/wp-json\/wp\/v2\/media?parent=1095"}],"curies":[{"name":"wp","href":"https:\/\/api.w.org\/{rel}","templated":true}]}}